{"id":3514,"date":"2024-03-01T17:15:31","date_gmt":"2024-03-01T14:15:31","guid":{"rendered":"https:\/\/sarabperfumes.com\/product\/symphony-louis-vuitton-uniseks-parfum-55-ml\/"},"modified":"2026-02-17T13:57:24","modified_gmt":"2026-02-17T10:57:24","slug":"symphony-louis-vuitton-uniseks-parfum-55-ml","status":"publish","type":"product","link":"https:\/\/sarabperfumes.com\/tr\/urun\/symphony-louis-vuitton-uniseks-parfum-55-ml\/","title":{"rendered":"Symphony Louis Vuitton 317 uniseks parf\u00fcm"},"content":{"rendered":"","protected":false},"excerpt":{"rendered":"<ul>\n<li><strong>Symphony Louis Vuitton<\/strong><\/li>\n<li><strong>lkal\u0131c\u0131l\u0131k<\/strong>: M\u00fckemmel, 8 ila 10 saat<\/li>\n<li> <strong>Orijinale benzerlik :<\/strong>90%<\/li>\n<li><strong>Koku Ailesi:<\/strong> narenciye<\/li>\n<li><strong>Parf\u00fcm i\u00e7erikleri :<\/strong>greyfurt, bergamot ve zencefil.<\/li>\n<li> Kullan\u0131m zaman\u0131: Her zaman<\/li>\n<li><strong>sezon: <\/strong>\u0130lkbahar yaz sonbahar<\/li>\n<li><strong>\u00e7\u0131k\u0131\u015f y\u0131l\u0131: <\/strong>2021<\/li>\n<\/ul>\n","protected":false},"featured_media":1817,"comment_status":"open","ping_status":"closed","template":"","meta":{"_gspb_post_css":""},"product_brand":[],"product_cat":[52],"product_tag":[171,100,56],"class_list":{"0":"post-3514","1":"product","2":"type-product","3":"status-publish","4":"has-post-thumbnail","6":"product_cat-acik-parfumler","7":"product_tag-benzersiz-parfumler","8":"product_tag-louis-vuitton","9":"product_tag-uniseks-parfumler","11":"first","12":"instock","13":"shipping-taxable","14":"purchasable","15":"product-type-variable","16":"has-default-attributes"},"ct_brands":[],"_links":{"self":[{"href":"https:\/\/sarabperfumes.com\/tr\/wp-json\/wp\/v2\/product\/3514","targetHints":{"allow":["GET"]}}],"collection":[{"href":"https:\/\/sarabperfumes.com\/tr\/wp-json\/wp\/v2\/product"}],"about":[{"href":"https:\/\/sarabperfumes.com\/tr\/wp-json\/wp\/v2\/types\/product"}],"replies":[{"embeddable":true,"href":"https:\/\/sarabperfumes.com\/tr\/wp-json\/wp\/v2\/comments?post=3514"}],"wp:featuredmedia":[{"embeddable":true,"href":"https:\/\/sarabperfumes.com\/tr\/wp-json\/wp\/v2\/media\/1817"}],"wp:attachment":[{"href":"https:\/\/sarabperfumes.com\/tr\/wp-json\/wp\/v2\/media?parent=3514"}],"wp:term":[{"taxonomy":"product_brand","embeddable":true,"href":"https:\/\/sarabperfumes.com\/tr\/wp-json\/wp\/v2\/product_brand?post=3514"},{"taxonomy":"product_cat","embeddable":true,"href":"https:\/\/sarabperfumes.com\/tr\/wp-json\/wp\/v2\/product_cat?post=3514"},{"taxonomy":"product_tag","embeddable":true,"href":"https:\/\/sarabperfumes.com\/tr\/wp-json\/wp\/v2\/product_tag?post=3514"}],"curies":[{"name":"wp","href":"https:\/\/api.w.org\/{rel}","templated":true}]}}