{"id":3511,"date":"2024-04-16T13:21:53","date_gmt":"2024-04-16T10:21:53","guid":{"rendered":"https:\/\/sarabperfumes.com\/product\/on-the-beach-louis-vuitton-uniseks-parfum-55-ml\/"},"modified":"2026-02-17T13:56:21","modified_gmt":"2026-02-17T10:56:21","slug":"on-the-beach-louis-vuitton-uniseks-parfum-55-ml","status":"publish","type":"product","link":"https:\/\/sarabperfumes.com\/tr\/urun\/on-the-beach-louis-vuitton-uniseks-parfum-55-ml\/","title":{"rendered":"On The Beach Louis Vuitton 310 uniseks parf\u00fcm"},"content":{"rendered":"","protected":false},"excerpt":{"rendered":"<ul>\n<li><strong>On The Beach Louis Vuitton<\/strong><\/li>\n<li><strong>lkal\u0131c\u0131l\u0131k<\/strong>: zay\u0131f 4 ila 6 saat<\/li>\n<li> <strong>Orijinale benzerlik :<\/strong>90%<\/li>\n<li><strong>Koku Ailesi<\/strong>:Aromatik narenciye<\/li>\n<li><strong>Parf\u00fcm i\u00e7erikleri :<\/strong> \u00dcst notalar: Yuzu ve neroli; Kalp: biberiye, kekik, kum, karanfil ve pembe biber; Alt notalar : selvi a\u011fa\u00e7lar\u0131.<\/li>\n<li> <strong>Kullan\u0131m zaman\u0131:<\/strong> g\u00fcnl\u00fck<\/li>\n<li><strong>sezon:<\/strong> ilkbahar yaz<\/li>\n<li><strong>\u00e7\u0131k\u0131\u015f y\u0131l\u0131: <\/strong>2021<\/li>\n<\/ul>\n","protected":false},"featured_media":2129,"comment_status":"open","ping_status":"closed","template":"","meta":{"_gspb_post_css":""},"product_brand":[],"product_cat":[52],"product_tag":[171,182,181,100,56],"class_list":{"0":"post-3511","1":"product","2":"type-product","3":"status-publish","4":"has-post-thumbnail","6":"product_cat-acik-parfumler","7":"product_tag-benzersiz-parfumler","8":"product_tag-ferah-kukular","9":"product_tag-ilkbahar-ve-yaz-parfumleri","10":"product_tag-louis-vuitton","11":"product_tag-uniseks-parfumler","13":"first","14":"instock","15":"shipping-taxable","16":"purchasable","17":"product-type-variable","18":"has-default-attributes"},"ct_brands":[],"_links":{"self":[{"href":"https:\/\/sarabperfumes.com\/tr\/wp-json\/wp\/v2\/product\/3511","targetHints":{"allow":["GET"]}}],"collection":[{"href":"https:\/\/sarabperfumes.com\/tr\/wp-json\/wp\/v2\/product"}],"about":[{"href":"https:\/\/sarabperfumes.com\/tr\/wp-json\/wp\/v2\/types\/product"}],"replies":[{"embeddable":true,"href":"https:\/\/sarabperfumes.com\/tr\/wp-json\/wp\/v2\/comments?post=3511"}],"wp:featuredmedia":[{"embeddable":true,"href":"https:\/\/sarabperfumes.com\/tr\/wp-json\/wp\/v2\/media\/2129"}],"wp:attachment":[{"href":"https:\/\/sarabperfumes.com\/tr\/wp-json\/wp\/v2\/media?parent=3511"}],"wp:term":[{"taxonomy":"product_brand","embeddable":true,"href":"https:\/\/sarabperfumes.com\/tr\/wp-json\/wp\/v2\/product_brand?post=3511"},{"taxonomy":"product_cat","embeddable":true,"href":"https:\/\/sarabperfumes.com\/tr\/wp-json\/wp\/v2\/product_cat?post=3511"},{"taxonomy":"product_tag","embeddable":true,"href":"https:\/\/sarabperfumes.com\/tr\/wp-json\/wp\/v2\/product_tag?post=3511"}],"curies":[{"name":"wp","href":"https:\/\/api.w.org\/{rel}","templated":true}]}}