{"id":3496,"date":"2024-02-07T12:45:04","date_gmt":"2024-02-07T09:45:04","guid":{"rendered":"https:\/\/sarabperfumes.com\/product\/bad-boy-carolina-herrera-erkek-parfum-55-ml\/"},"modified":"2026-02-28T21:28:03","modified_gmt":"2026-02-28T18:28:03","slug":"bad-boy-carolina-herrera-erkek-parfum-55-ml","status":"publish","type":"product","link":"https:\/\/sarabperfumes.com\/tr\/urun\/bad-boy-carolina-herrera-erkek-parfum-55-ml\/","title":{"rendered":"Bad Boy Carolina Herrera erkek parf\u00fcm (55 ml)"},"content":{"rendered":"","protected":false},"excerpt":{"rendered":"<ul>\n<li><strong>Bad Boy Carolina Herrera<\/strong><\/li>\n<li><strong>kal\u0131c\u0131l\u0131k:<\/strong> \u00e7ok kal\u0131c\u0131 8 ila 10 saat<\/li>\n<li><strong>Orijinale benzerlik :<\/strong>90%<\/li>\n<li><strong>Koku Ailesi:<\/strong>Oryantal ac\u0131<\/li>\n<li><strong>Parf\u00fcm i\u00e7erikleri :<\/strong> \u00dcst notalar: Beyaz biber, bergamot ve pembe biber; Kalp: sedir a\u011fac\u0131 ve ada\u00e7ay\u0131; Alt notalar : tonka fasulyesi ve kakao.<\/li>\n<li><strong>Kullan\u0131m zaman\u0131:<\/strong> gecelik<\/li>\n<li><strong>Sezon: <\/strong>k\u0131\u015f ilkbahar sonbahar<\/li>\n<li><strong>\u00e7\u0131k\u0131\u015f y\u0131l\u0131: <\/strong>2019<\/li>\n<\/ul>\n","protected":false},"featured_media":1177,"comment_status":"open","ping_status":"closed","template":"","meta":{"_gspb_post_css":""},"product_brand":[],"product_cat":[52],"product_tag":[95,55,107,106],"class_list":{"0":"post-3496","1":"product","2":"type-product","3":"status-publish","4":"has-post-thumbnail","6":"product_cat-acik-parfumler","7":"product_tag-carolina-herrera","8":"product_tag-erkek-parfumleri","9":"product_tag-gece-kokulari","10":"product_tag-sonbahar-kis-kokulari","12":"first","13":"instock","14":"shipping-taxable","15":"purchasable","16":"product-type-variable","17":"has-default-attributes"},"ct_brands":[],"_links":{"self":[{"href":"https:\/\/sarabperfumes.com\/tr\/wp-json\/wp\/v2\/product\/3496","targetHints":{"allow":["GET"]}}],"collection":[{"href":"https:\/\/sarabperfumes.com\/tr\/wp-json\/wp\/v2\/product"}],"about":[{"href":"https:\/\/sarabperfumes.com\/tr\/wp-json\/wp\/v2\/types\/product"}],"replies":[{"embeddable":true,"href":"https:\/\/sarabperfumes.com\/tr\/wp-json\/wp\/v2\/comments?post=3496"}],"wp:featuredmedia":[{"embeddable":true,"href":"https:\/\/sarabperfumes.com\/tr\/wp-json\/wp\/v2\/media\/1177"}],"wp:attachment":[{"href":"https:\/\/sarabperfumes.com\/tr\/wp-json\/wp\/v2\/media?parent=3496"}],"wp:term":[{"taxonomy":"product_brand","embeddable":true,"href":"https:\/\/sarabperfumes.com\/tr\/wp-json\/wp\/v2\/product_brand?post=3496"},{"taxonomy":"product_cat","embeddable":true,"href":"https:\/\/sarabperfumes.com\/tr\/wp-json\/wp\/v2\/product_cat?post=3496"},{"taxonomy":"product_tag","embeddable":true,"href":"https:\/\/sarabperfumes.com\/tr\/wp-json\/wp\/v2\/product_tag?post=3496"}],"curies":[{"name":"wp","href":"https:\/\/api.w.org\/{rel}","templated":true}]}}