{"id":3466,"date":"2024-02-07T11:10:32","date_gmt":"2024-02-07T08:10:32","guid":{"rendered":"https:\/\/sarabperfumes.com\/product\/allure-homme-sport-chanel-erkek-parfum-55-ml\/"},"modified":"2026-02-28T21:41:44","modified_gmt":"2026-02-28T18:41:44","slug":"allure-homme-sport-chanel-erkek-parfum-55-ml","status":"publish","type":"product","link":"https:\/\/sarabperfumes.com\/tr\/urun\/allure-homme-sport-chanel-erkek-parfum-55-ml\/","title":{"rendered":"Allure Homme Sport Chanel erkek parf\u00fcm (55 ml)"},"content":{"rendered":"","protected":false},"excerpt":{"rendered":"<ul>\n<li><strong>Allure Homme Sport Chanel<\/strong><\/li>\n<li><strong>lkal\u0131c\u0131l\u0131k:<\/strong> \u0130yi 6 ila 8 saat<\/li>\n<li><strong>Orijinale benzerlik y\u00fczdesi:<\/strong> %80<\/li>\n<li><strong>Koku Ailesi:<\/strong>Odunsu baharatl\u0131<\/li>\n<li><strong>Parf\u00fcm i\u00e7erikleri : <\/strong> \u00dcst notalar: Portakal, deniz meltemi, aldehitler ve mandalina k\u0131rm\u0131z\u0131s\u0131; Kalp: biber, portakal \u00e7i\u00e7e\u011fi esans\u0131 ve sedir a\u011fac\u0131; Alt notalar : tonka , vanilya, beyaz misk, amber, vetiver ve elemi re\u00e7inesi.<\/li>\n<li><strong>Kullan\u0131m zaman\u0131: <\/strong>gunluk<\/li>\n<li><strong>Sezon:<\/strong> ilkbahar yaz<\/li>\n<li><strong>\u00e7\u0131k\u0131\u015f y\u0131l\u0131: <\/strong>2004<\/li>\n<\/ul>\n","protected":false},"featured_media":1608,"comment_status":"open","ping_status":"closed","template":"","meta":{"_gspb_post_css":""},"product_brand":[],"product_cat":[52],"product_tag":[97,55,110,181],"class_list":{"0":"post-3466","1":"product","2":"type-product","3":"status-publish","4":"has-post-thumbnail","6":"product_cat-acik-parfumler","7":"product_tag-chanel","8":"product_tag-erkek-parfumleri","9":"product_tag-gunluk-kokulari","10":"product_tag-ilkbahar-ve-yaz-parfumleri","12":"first","13":"instock","14":"shipping-taxable","15":"purchasable","16":"product-type-variable","17":"has-default-attributes"},"ct_brands":[],"_links":{"self":[{"href":"https:\/\/sarabperfumes.com\/tr\/wp-json\/wp\/v2\/product\/3466","targetHints":{"allow":["GET"]}}],"collection":[{"href":"https:\/\/sarabperfumes.com\/tr\/wp-json\/wp\/v2\/product"}],"about":[{"href":"https:\/\/sarabperfumes.com\/tr\/wp-json\/wp\/v2\/types\/product"}],"replies":[{"embeddable":true,"href":"https:\/\/sarabperfumes.com\/tr\/wp-json\/wp\/v2\/comments?post=3466"}],"wp:featuredmedia":[{"embeddable":true,"href":"https:\/\/sarabperfumes.com\/tr\/wp-json\/wp\/v2\/media\/1608"}],"wp:attachment":[{"href":"https:\/\/sarabperfumes.com\/tr\/wp-json\/wp\/v2\/media?parent=3466"}],"wp:term":[{"taxonomy":"product_brand","embeddable":true,"href":"https:\/\/sarabperfumes.com\/tr\/wp-json\/wp\/v2\/product_brand?post=3466"},{"taxonomy":"product_cat","embeddable":true,"href":"https:\/\/sarabperfumes.com\/tr\/wp-json\/wp\/v2\/product_cat?post=3466"},{"taxonomy":"product_tag","embeddable":true,"href":"https:\/\/sarabperfumes.com\/tr\/wp-json\/wp\/v2\/product_tag?post=3466"}],"curies":[{"name":"wp","href":"https:\/\/api.w.org\/{rel}","templated":true}]}}