{"id":3460,"date":"2024-02-07T11:17:50","date_gmt":"2024-02-07T08:17:50","guid":{"rendered":"https:\/\/sarabperfumes.com\/product\/fahrenheit-dior-erkek-parfum-55-ml\/"},"modified":"2026-02-28T21:38:34","modified_gmt":"2026-02-28T18:38:34","slug":"fahrenheit-dior-erkek-parfum-55-ml","status":"publish","type":"product","link":"https:\/\/sarabperfumes.com\/tr\/urun\/fahrenheit-dior-erkek-parfum-55-ml\/","title":{"rendered":"Fahrenheit Dior erkek parf\u00fcm (55 ml)"},"content":{"rendered":"","protected":false},"excerpt":{"rendered":"<ul>\n<li><strong>\u00a0 Fahrenheit Dior<\/strong><\/li>\n<li><strong>kal\u0131c\u0131l\u0131k:<\/strong> \u0130yi 6 ila 8 saat<\/li>\n<li><strong>Orijinale benzerlik y\u00fczdesi: <\/strong> 80%<\/li>\n<li><strong>Koku Ailesi:<\/strong> Aromatik Foug\u00e8re<\/li>\n<li><strong>\u00dcst notalar: <\/strong> \u00dcst notalar: K\u00fc\u00e7\u00fck hindistan cevizi, lavanta, sedir a\u011fac\u0131, mandalina, al\u0131\u00e7, bergamot; kalp: Menek\u015fe yapraklar\u0131, sandal a\u011fac\u0131, karanfil, yasemin ve vadi zamba\u011f\u0131; Alt notalar : Deri, g\u00fcve otu, misk, amber, pa\u00e7uli ve tonka .<\/li>\n<li><strong>Kullan\u0131m zaman\u0131:<\/strong> T\u00fcm zamanlar<\/li>\n<li><strong>sezon:<\/strong> K\u0131\u015f ilkbahar sonbahar<\/li>\n<li><strong>\u00e7\u0131k\u0131\u015f y\u0131l\u0131: <\/strong> 1988<\/li>\n<\/ul>\n","protected":false},"featured_media":1169,"comment_status":"open","ping_status":"closed","template":"","meta":{"_gspb_post_css":""},"product_brand":[],"product_cat":[52],"product_tag":[171,96,98,55,106],"class_list":{"0":"post-3460","1":"product","2":"type-product","3":"status-publish","4":"has-post-thumbnail","6":"product_cat-acik-parfumler","7":"product_tag-benzersiz-parfumler","8":"product_tag-dior","9":"product_tag-en-cok-satan","10":"product_tag-erkek-parfumleri","11":"product_tag-sonbahar-kis-kokulari","13":"first","14":"instock","15":"shipping-taxable","16":"purchasable","17":"product-type-variable","18":"has-default-attributes"},"ct_brands":[],"_links":{"self":[{"href":"https:\/\/sarabperfumes.com\/tr\/wp-json\/wp\/v2\/product\/3460","targetHints":{"allow":["GET"]}}],"collection":[{"href":"https:\/\/sarabperfumes.com\/tr\/wp-json\/wp\/v2\/product"}],"about":[{"href":"https:\/\/sarabperfumes.com\/tr\/wp-json\/wp\/v2\/types\/product"}],"replies":[{"embeddable":true,"href":"https:\/\/sarabperfumes.com\/tr\/wp-json\/wp\/v2\/comments?post=3460"}],"wp:featuredmedia":[{"embeddable":true,"href":"https:\/\/sarabperfumes.com\/tr\/wp-json\/wp\/v2\/media\/1169"}],"wp:attachment":[{"href":"https:\/\/sarabperfumes.com\/tr\/wp-json\/wp\/v2\/media?parent=3460"}],"wp:term":[{"taxonomy":"product_brand","embeddable":true,"href":"https:\/\/sarabperfumes.com\/tr\/wp-json\/wp\/v2\/product_brand?post=3460"},{"taxonomy":"product_cat","embeddable":true,"href":"https:\/\/sarabperfumes.com\/tr\/wp-json\/wp\/v2\/product_cat?post=3460"},{"taxonomy":"product_tag","embeddable":true,"href":"https:\/\/sarabperfumes.com\/tr\/wp-json\/wp\/v2\/product_tag?post=3460"}],"curies":[{"name":"wp","href":"https:\/\/api.w.org\/{rel}","templated":true}]}}