{"id":3457,"date":"2024-02-07T11:14:12","date_gmt":"2024-02-07T08:14:12","guid":{"rendered":"https:\/\/sarabperfumes.com\/product\/sauvage-dior-erkek-parfum-55-ml\/"},"modified":"2026-02-28T21:40:51","modified_gmt":"2026-02-28T18:40:51","slug":"sauvage-dior-erkek-parfum-55-ml","status":"publish","type":"product","link":"https:\/\/sarabperfumes.com\/tr\/urun\/sauvage-dior-erkek-parfum-55-ml\/","title":{"rendered":"Sauvage Dior erkek parf\u00fcm (55 ml)"},"content":{"rendered":"<ul>\n<li><strong>Sauvage Dior<\/strong><\/li>\n<li><strong>kal\u0131c\u0131l\u0131k<\/strong>: \u0130yi 6 ila 8 saat<\/li>\n<li><strong>Orijinale benzerlik y\u00fczdesi: <\/strong> 80%<\/li>\n<li><strong>Koku Ailesi:<\/strong> Aromatik Foug\u00e8re<\/li>\n<li><strong>\u00dcst notalar: <\/strong> \u00dcst notalar: Calabria bergamotu ve biberi; kalp: Sichuan biberi, lavanta, pembe biber, g\u00fcve otu, pa\u00e7uli, sardunya ve elemi; Alt notalar: Ambroksan, sedir a\u011fac\u0131 ve labdanum.<\/li>\n<li><strong>Kullan\u0131m zaman\u0131:<\/strong> T\u00fcm zamanlar<\/li>\n<li><strong>sezon:<\/strong> T\u00fcm sezonlar<\/li>\n<li><strong>\u00e7\u0131k\u0131\u015f y\u0131l\u0131: <\/strong> 2015<\/li>\n<\/ul>\n<p>&nbsp;<\/p>\n","protected":false},"excerpt":{"rendered":"<p>Dior&#8217;un Sauvage parf\u00fcm\u00fc, parf\u00fcm d\u00fcnyas\u0131nda sanatsal bir yarat\u0131m olarak kabul ediliyor. L\u00fcks\u00fc ve zarafeti ba\u015fka hi\u00e7bir \u015feye benzemeyen bir \u015fekilde birle\u015ftiriyor. Koku, erkekli\u011fin ve zarafetin \u00f6z\u00fcn\u00fc farkl\u0131 bir \u015fekilde yans\u0131t\u0131yor. Bu da onu her yerde ve her zaman farkl\u0131l\u0131k ve parlakl\u0131k arayan modern insan i\u00e7in ideal bir se\u00e7im haline getiriyor.<\/p>\n","protected":false},"featured_media":1168,"comment_status":"open","ping_status":"closed","template":"","meta":{"_gspb_post_css":""},"product_brand":[],"product_cat":[52],"product_tag":[190,96,98,55,176],"class_list":{"0":"post-3457","1":"product","2":"type-product","3":"status-publish","4":"has-post-thumbnail","6":"product_cat-acik-parfumler","7":"product_tag-2025in-en-cok-satani","8":"product_tag-dior","9":"product_tag-en-cok-satan","10":"product_tag-erkek-parfumleri","11":"product_tag-her-zaman-icin-erkek-parfumleri","13":"first","14":"instock","15":"shipping-taxable","16":"purchasable","17":"product-type-variable","18":"has-default-attributes"},"ct_brands":[],"_links":{"self":[{"href":"https:\/\/sarabperfumes.com\/tr\/wp-json\/wp\/v2\/product\/3457","targetHints":{"allow":["GET"]}}],"collection":[{"href":"https:\/\/sarabperfumes.com\/tr\/wp-json\/wp\/v2\/product"}],"about":[{"href":"https:\/\/sarabperfumes.com\/tr\/wp-json\/wp\/v2\/types\/product"}],"replies":[{"embeddable":true,"href":"https:\/\/sarabperfumes.com\/tr\/wp-json\/wp\/v2\/comments?post=3457"}],"wp:featuredmedia":[{"embeddable":true,"href":"https:\/\/sarabperfumes.com\/tr\/wp-json\/wp\/v2\/media\/1168"}],"wp:attachment":[{"href":"https:\/\/sarabperfumes.com\/tr\/wp-json\/wp\/v2\/media?parent=3457"}],"wp:term":[{"taxonomy":"product_brand","embeddable":true,"href":"https:\/\/sarabperfumes.com\/tr\/wp-json\/wp\/v2\/product_brand?post=3457"},{"taxonomy":"product_cat","embeddable":true,"href":"https:\/\/sarabperfumes.com\/tr\/wp-json\/wp\/v2\/product_cat?post=3457"},{"taxonomy":"product_tag","embeddable":true,"href":"https:\/\/sarabperfumes.com\/tr\/wp-json\/wp\/v2\/product_tag?post=3457"}],"curies":[{"name":"wp","href":"https:\/\/api.w.org\/{rel}","templated":true}]}}