{"id":3448,"date":"2024-02-07T12:24:52","date_gmt":"2024-02-07T09:24:52","guid":{"rendered":"https:\/\/sarabperfumes.com\/product\/212-sexy-men-carolina-herrera-erkek-parfum-55-ml\/"},"modified":"2026-02-28T21:31:14","modified_gmt":"2026-02-28T18:31:14","slug":"212-sexy-men-carolina-herrera-erkek-parfum-55-ml","status":"publish","type":"product","link":"https:\/\/sarabperfumes.com\/tr\/urun\/212-sexy-men-carolina-herrera-erkek-parfum-55-ml\/","title":{"rendered":"212 Sexy Men Carolina Herrera erkek parf\u00fcm (55 ml)"},"content":{"rendered":"","protected":false},"excerpt":{"rendered":"<ul>\n<li><strong>212 Sexy Men Carolina Herrera<\/strong><\/li>\n<li><strong>kal\u0131c\u0131l\u0131k<\/strong>: \u0130yi 6 ila 8 saat<\/li>\n<li><strong>Orijinale benzerlik :<\/strong> %70<\/li>\n<li><strong>Koku Ailesi: <\/strong>oryantal Foug\u00e8re<\/li>\n<li><strong>Parf\u00fcm i\u00e7erikleri :<\/strong> \u00dcst notalar: Mandalina, bergamot ve ye\u015fil notalar; Kalp: biber, \u00e7i\u00e7ekler ve kakule; Alt notalar: vanilya, guaiac a\u011fac\u0131, sandal a\u011fac\u0131, misk ve amber.<\/li>\n<li><strong>Kullan\u0131m zaman\u0131: <\/strong>gecelik<\/li>\n<li><strong>sezon: <\/strong>k\u0131\u015f sonbahar<\/li>\n<li><strong>\u00e7\u0131k\u0131\u015f y\u0131l\u0131:<\/strong> 2006<\/li>\n<\/ul>\n","protected":false},"featured_media":1610,"comment_status":"open","ping_status":"closed","template":"","meta":{"_gspb_post_css":""},"product_brand":[],"product_cat":[52],"product_tag":[95,55,107,106],"class_list":{"0":"post-3448","1":"product","2":"type-product","3":"status-publish","4":"has-post-thumbnail","6":"product_cat-acik-parfumler","7":"product_tag-carolina-herrera","8":"product_tag-erkek-parfumleri","9":"product_tag-gece-kokulari","10":"product_tag-sonbahar-kis-kokulari","12":"first","13":"instock","14":"shipping-taxable","15":"purchasable","16":"product-type-variable","17":"has-default-attributes"},"ct_brands":[],"_links":{"self":[{"href":"https:\/\/sarabperfumes.com\/tr\/wp-json\/wp\/v2\/product\/3448","targetHints":{"allow":["GET"]}}],"collection":[{"href":"https:\/\/sarabperfumes.com\/tr\/wp-json\/wp\/v2\/product"}],"about":[{"href":"https:\/\/sarabperfumes.com\/tr\/wp-json\/wp\/v2\/types\/product"}],"replies":[{"embeddable":true,"href":"https:\/\/sarabperfumes.com\/tr\/wp-json\/wp\/v2\/comments?post=3448"}],"wp:featuredmedia":[{"embeddable":true,"href":"https:\/\/sarabperfumes.com\/tr\/wp-json\/wp\/v2\/media\/1610"}],"wp:attachment":[{"href":"https:\/\/sarabperfumes.com\/tr\/wp-json\/wp\/v2\/media?parent=3448"}],"wp:term":[{"taxonomy":"product_brand","embeddable":true,"href":"https:\/\/sarabperfumes.com\/tr\/wp-json\/wp\/v2\/product_brand?post=3448"},{"taxonomy":"product_cat","embeddable":true,"href":"https:\/\/sarabperfumes.com\/tr\/wp-json\/wp\/v2\/product_cat?post=3448"},{"taxonomy":"product_tag","embeddable":true,"href":"https:\/\/sarabperfumes.com\/tr\/wp-json\/wp\/v2\/product_tag?post=3448"}],"curies":[{"name":"wp","href":"https:\/\/api.w.org\/{rel}","templated":true}]}}