{"id":3445,"date":"2024-02-07T12:26:47","date_gmt":"2024-02-07T09:26:47","guid":{"rendered":"https:\/\/sarabperfumes.com\/product\/212-men-carolina-herrera-erkek-parfum-55-ml\/"},"modified":"2026-02-28T21:30:32","modified_gmt":"2026-02-28T18:30:32","slug":"212-men-carolina-herrera-erkek-parfum-55-ml","status":"publish","type":"product","link":"https:\/\/sarabperfumes.com\/tr\/urun\/212-men-carolina-herrera-erkek-parfum-55-ml\/","title":{"rendered":"212 Men Carolina Herrera erkek parf\u00fcm (55 ml)"},"content":{"rendered":"","protected":false},"excerpt":{"rendered":"<ul>\n<li><strong>212 Men Carolina Herrera<\/strong><\/li>\n<li><strong>lkal\u0131c\u0131l\u0131k:<\/strong> zaif 3 ila 5 saat<\/li>\n<li><strong>Orijinale benzerlik :<\/strong>90%<\/li>\n<li><strong>Koku Ailesi:<\/strong> odunsu \u00e7i\u00e7eksi miskli<\/li>\n<li><strong>Parf\u00fcm i\u00e7erikleri :<\/strong> \u00dcst notalar: Ye\u015fil notalar, greyfurt, baharatlar, bergamot, lavanta; Kalp: zencefil, menek\u015fe, gardenya ve ada\u00e7ay\u0131; Alt notalar : misk, sandal a\u011fac\u0131, t\u00fcts\u00fc, guaiac a\u011fac\u0131, g\u00fcve otu ve labdanum.<\/li>\n<li><strong>Kullan\u0131m zaman\u0131:<\/strong> g\u00fcnl\u00fck<\/li>\n<li><strong>sezon: <\/strong>ilkbahar yaz<\/li>\n<li><strong>\u00e7\u0131k\u0131\u015f y\u0131l\u0131: <\/strong>1999<\/li>\n<\/ul>\n","protected":false},"featured_media":1612,"comment_status":"open","ping_status":"closed","template":"","meta":{"_gspb_post_css":""},"product_brand":[],"product_cat":[52],"product_tag":[95,103,55,182,181],"class_list":{"0":"post-3445","1":"product","2":"type-product","3":"status-publish","4":"has-post-thumbnail","6":"product_cat-acik-parfumler","7":"product_tag-carolina-herrera","8":"product_tag-damat-parfumu","9":"product_tag-erkek-parfumleri","10":"product_tag-ferah-kukular","11":"product_tag-ilkbahar-ve-yaz-parfumleri","13":"first","14":"instock","15":"shipping-taxable","16":"purchasable","17":"product-type-variable","18":"has-default-attributes"},"ct_brands":[],"_links":{"self":[{"href":"https:\/\/sarabperfumes.com\/tr\/wp-json\/wp\/v2\/product\/3445","targetHints":{"allow":["GET"]}}],"collection":[{"href":"https:\/\/sarabperfumes.com\/tr\/wp-json\/wp\/v2\/product"}],"about":[{"href":"https:\/\/sarabperfumes.com\/tr\/wp-json\/wp\/v2\/types\/product"}],"replies":[{"embeddable":true,"href":"https:\/\/sarabperfumes.com\/tr\/wp-json\/wp\/v2\/comments?post=3445"}],"wp:featuredmedia":[{"embeddable":true,"href":"https:\/\/sarabperfumes.com\/tr\/wp-json\/wp\/v2\/media\/1612"}],"wp:attachment":[{"href":"https:\/\/sarabperfumes.com\/tr\/wp-json\/wp\/v2\/media?parent=3445"}],"wp:term":[{"taxonomy":"product_brand","embeddable":true,"href":"https:\/\/sarabperfumes.com\/tr\/wp-json\/wp\/v2\/product_brand?post=3445"},{"taxonomy":"product_cat","embeddable":true,"href":"https:\/\/sarabperfumes.com\/tr\/wp-json\/wp\/v2\/product_cat?post=3445"},{"taxonomy":"product_tag","embeddable":true,"href":"https:\/\/sarabperfumes.com\/tr\/wp-json\/wp\/v2\/product_tag?post=3445"}],"curies":[{"name":"wp","href":"https:\/\/api.w.org\/{rel}","templated":true}]}}