{"id":3442,"date":"2024-02-07T23:57:01","date_gmt":"2024-02-07T20:57:01","guid":{"rendered":"https:\/\/sarabperfumes.com\/product\/gianfranco-ferre-for-man-erkek-parfum-55-ml\/"},"modified":"2026-02-28T21:16:43","modified_gmt":"2026-02-28T18:16:43","slug":"gianfranco-ferre-for-man-erkek-parfum-55-ml","status":"publish","type":"product","link":"https:\/\/sarabperfumes.com\/tr\/urun\/gianfranco-ferre-for-man-erkek-parfum-55-ml\/","title":{"rendered":"Gianfranco Ferre for Man erkek parf\u00fcm (55 ml)"},"content":{"rendered":"","protected":false},"excerpt":{"rendered":"<ul>\n<li><strong>Gianfranco Ferre for Man Gianfranco Ferre<\/strong><\/li>\n<li><strong>lkal\u0131c\u0131l\u0131k:<\/strong> \u0130yi 6 ila 8 saat<\/li>\n<li><strong>Orijinale benzerlik y\u00fczdesi:<\/strong> %80<\/li>\n<li><strong>Koku Ailesi:<\/strong>dunsu aromatik<\/li>\n<li><strong>Parf\u00fcm i\u00e7erikleri :<\/strong> \u00dcst notalar: Limon, ye\u015fil notalar, bergamot ve mandalina; Kalp: karanfil, s\u00fcsen k\u00f6k\u00fc, ard\u0131\u00e7 meyveleri, ada\u00e7ay\u0131, kakule, sardunya; Alt notalar : me\u015fe yosunu, g\u00fcve otu, sandal a\u011fac\u0131, sedir a\u011fac\u0131, incir yapra\u011f\u0131 ve misk.<\/li>\n<li><strong>Kullan\u0131m zaman\u0131:<\/strong> her zaman<\/li>\n<li><strong>Sezon<\/strong>: k\u0131\u015f ilkbahar sonbahar<\/li>\n<li><strong>\u00e7\u0131k\u0131\u015f y\u0131l\u0131:<\/strong> 1986<\/li>\n<\/ul>\n","protected":false},"featured_media":1190,"comment_status":"open","ping_status":"closed","template":"","meta":{"_gspb_post_css":""},"product_brand":[],"product_cat":[52],"product_tag":[55,191,106],"class_list":{"0":"post-3442","1":"product","2":"type-product","3":"status-publish","4":"has-post-thumbnail","6":"product_cat-acik-parfumler","7":"product_tag-erkek-parfumleri","8":"product_tag-odunsu-parfumler","9":"product_tag-sonbahar-kis-kokulari","11":"first","12":"instock","13":"shipping-taxable","14":"purchasable","15":"product-type-variable","16":"has-default-attributes"},"ct_brands":[],"_links":{"self":[{"href":"https:\/\/sarabperfumes.com\/tr\/wp-json\/wp\/v2\/product\/3442","targetHints":{"allow":["GET"]}}],"collection":[{"href":"https:\/\/sarabperfumes.com\/tr\/wp-json\/wp\/v2\/product"}],"about":[{"href":"https:\/\/sarabperfumes.com\/tr\/wp-json\/wp\/v2\/types\/product"}],"replies":[{"embeddable":true,"href":"https:\/\/sarabperfumes.com\/tr\/wp-json\/wp\/v2\/comments?post=3442"}],"wp:featuredmedia":[{"embeddable":true,"href":"https:\/\/sarabperfumes.com\/tr\/wp-json\/wp\/v2\/media\/1190"}],"wp:attachment":[{"href":"https:\/\/sarabperfumes.com\/tr\/wp-json\/wp\/v2\/media?parent=3442"}],"wp:term":[{"taxonomy":"product_brand","embeddable":true,"href":"https:\/\/sarabperfumes.com\/tr\/wp-json\/wp\/v2\/product_brand?post=3442"},{"taxonomy":"product_cat","embeddable":true,"href":"https:\/\/sarabperfumes.com\/tr\/wp-json\/wp\/v2\/product_cat?post=3442"},{"taxonomy":"product_tag","embeddable":true,"href":"https:\/\/sarabperfumes.com\/tr\/wp-json\/wp\/v2\/product_tag?post=3442"}],"curies":[{"name":"wp","href":"https:\/\/api.w.org\/{rel}","templated":true}]}}