{"id":3400,"date":"2024-02-08T12:45:51","date_gmt":"2024-02-08T09:45:51","guid":{"rendered":"https:\/\/sarabperfumes.com\/product\/lacoste-l-12-12-white-lacoste-erkek-parfum-55-ml\/"},"modified":"2026-02-28T21:03:00","modified_gmt":"2026-02-28T18:03:00","slug":"lacoste-l-12-12-white-lacoste-erkek-parfum-55-ml","status":"publish","type":"product","link":"https:\/\/sarabperfumes.com\/tr\/urun\/lacoste-l-12-12-white-lacoste-erkek-parfum-55-ml\/","title":{"rendered":"Lacoste L.12.12. White Lacoste erkek parf\u00fcm (55 ml)"},"content":{"rendered":"","protected":false},"excerpt":{"rendered":"<ul>\n<li><strong>Lacoste L.12.12. White Lacoste<\/strong><\/li>\n<li><strong>kal\u0131c\u0131l\u0131k<\/strong>: \u0130yi 6 ila 8 saat<\/li>\n<li><strong>Orijinale benzerlik y\u00fczdesi:<\/strong> %80<\/li>\n<li><strong>Koku Ailesi: <\/strong>odunsu aromatik<\/li>\n<li><strong>Parf\u00fcm i\u00e7erikleri : <\/strong>\u00dcst notalar: Greyfurt, biberiye ve kakule; orta notalar: ylang ve s\u00fcmb\u00fclteber; Alt notalar : s\u00fcet, Virginia sedir a\u011fac\u0131, deri ve g\u00fcve otu.<\/li>\n<li><strong>Kullan\u0131m zaman\u0131:<\/strong> g\u00fcnl\u00fck<\/li>\n<li><strong>sezon: <\/strong>ilkbahar yaz<\/li>\n<li><strong>\u00e7\u0131k\u0131\u015f y\u0131l\u0131:<\/strong> 2011<\/li>\n<\/ul>\n","protected":false},"featured_media":1630,"comment_status":"open","ping_status":"closed","template":"","meta":{"_gspb_post_css":""},"product_brand":[],"product_cat":[52],"product_tag":[55,182,110,181],"class_list":{"0":"post-3400","1":"product","2":"type-product","3":"status-publish","4":"has-post-thumbnail","6":"product_cat-acik-parfumler","7":"product_tag-erkek-parfumleri","8":"product_tag-ferah-kukular","9":"product_tag-gunluk-kokulari","10":"product_tag-ilkbahar-ve-yaz-parfumleri","12":"first","13":"instock","14":"shipping-taxable","15":"purchasable","16":"product-type-variable","17":"has-default-attributes"},"ct_brands":[],"_links":{"self":[{"href":"https:\/\/sarabperfumes.com\/tr\/wp-json\/wp\/v2\/product\/3400","targetHints":{"allow":["GET"]}}],"collection":[{"href":"https:\/\/sarabperfumes.com\/tr\/wp-json\/wp\/v2\/product"}],"about":[{"href":"https:\/\/sarabperfumes.com\/tr\/wp-json\/wp\/v2\/types\/product"}],"replies":[{"embeddable":true,"href":"https:\/\/sarabperfumes.com\/tr\/wp-json\/wp\/v2\/comments?post=3400"}],"wp:featuredmedia":[{"embeddable":true,"href":"https:\/\/sarabperfumes.com\/tr\/wp-json\/wp\/v2\/media\/1630"}],"wp:attachment":[{"href":"https:\/\/sarabperfumes.com\/tr\/wp-json\/wp\/v2\/media?parent=3400"}],"wp:term":[{"taxonomy":"product_brand","embeddable":true,"href":"https:\/\/sarabperfumes.com\/tr\/wp-json\/wp\/v2\/product_brand?post=3400"},{"taxonomy":"product_cat","embeddable":true,"href":"https:\/\/sarabperfumes.com\/tr\/wp-json\/wp\/v2\/product_cat?post=3400"},{"taxonomy":"product_tag","embeddable":true,"href":"https:\/\/sarabperfumes.com\/tr\/wp-json\/wp\/v2\/product_tag?post=3400"}],"curies":[{"name":"wp","href":"https:\/\/api.w.org\/{rel}","templated":true}]}}