{"id":3394,"date":"2024-02-08T12:56:11","date_gmt":"2024-02-08T09:56:11","guid":{"rendered":"https:\/\/sarabperfumes.com\/product\/lucky-you-for-men-lucky-brand-erkek-parfum-55-ml\/"},"modified":"2026-02-28T20:53:33","modified_gmt":"2026-02-28T17:53:33","slug":"lucky-you-for-men-lucky-brand-erkek-parfum-55-ml","status":"publish","type":"product","link":"https:\/\/sarabperfumes.com\/tr\/urun\/lucky-you-for-men-lucky-brand-erkek-parfum-55-ml\/","title":{"rendered":"Lucky You for Men Lucky Brand erkek parf\u00fcm (55 ml)"},"content":{"rendered":"","protected":false},"excerpt":{"rendered":"<ul>\n<li><strong>Lucky You for Men Lucky Brand<\/strong><\/li>\n<li><strong>kal\u0131c\u0131l\u0131k<\/strong>: \u0130yi 6 ila 8 saat<\/li>\n<li><strong>Orijinale benzerlik :<\/strong>90%<\/li>\n<li><strong>Koku Ailesi: <\/strong>oryantal Foug\u00e8re<\/li>\n<li><strong>Parf\u00fcm i\u00e7erikleri : <\/strong>\u00dcst notalar: \u00c7im ve \u00e7i\u00e7ek notalar\u0131; orta notalar : kakule; Temel: Bambu, sandal a\u011fac\u0131, misk ve Brezilya g\u00fcl a\u011fac\u0131.<\/li>\n<li><strong>Kullan\u0131m zaman\u0131:<\/strong> g\u00fcnl\u00fck<\/li>\n<li><strong>sezon: <\/strong>ilkbahar yaz<\/li>\n<li><strong>\u00e7\u0131k\u0131\u015f y\u0131l\u0131: <\/strong>2000<\/li>\n<\/ul>\n","protected":false},"featured_media":1210,"comment_status":"open","ping_status":"closed","template":"","meta":{"_gspb_post_css":""},"product_brand":[],"product_cat":[52],"product_tag":[192,55,110,181],"class_list":{"0":"post-3394","1":"product","2":"type-product","3":"status-publish","4":"has-post-thumbnail","6":"product_cat-acik-parfumler","7":"product_tag-bitkisel-parfumler","8":"product_tag-erkek-parfumleri","9":"product_tag-gunluk-kokulari","10":"product_tag-ilkbahar-ve-yaz-parfumleri","12":"first","13":"instock","14":"shipping-taxable","15":"purchasable","16":"product-type-variable","17":"has-default-attributes"},"ct_brands":[],"_links":{"self":[{"href":"https:\/\/sarabperfumes.com\/tr\/wp-json\/wp\/v2\/product\/3394","targetHints":{"allow":["GET"]}}],"collection":[{"href":"https:\/\/sarabperfumes.com\/tr\/wp-json\/wp\/v2\/product"}],"about":[{"href":"https:\/\/sarabperfumes.com\/tr\/wp-json\/wp\/v2\/types\/product"}],"replies":[{"embeddable":true,"href":"https:\/\/sarabperfumes.com\/tr\/wp-json\/wp\/v2\/comments?post=3394"}],"wp:featuredmedia":[{"embeddable":true,"href":"https:\/\/sarabperfumes.com\/tr\/wp-json\/wp\/v2\/media\/1210"}],"wp:attachment":[{"href":"https:\/\/sarabperfumes.com\/tr\/wp-json\/wp\/v2\/media?parent=3394"}],"wp:term":[{"taxonomy":"product_brand","embeddable":true,"href":"https:\/\/sarabperfumes.com\/tr\/wp-json\/wp\/v2\/product_brand?post=3394"},{"taxonomy":"product_cat","embeddable":true,"href":"https:\/\/sarabperfumes.com\/tr\/wp-json\/wp\/v2\/product_cat?post=3394"},{"taxonomy":"product_tag","embeddable":true,"href":"https:\/\/sarabperfumes.com\/tr\/wp-json\/wp\/v2\/product_tag?post=3394"}],"curies":[{"name":"wp","href":"https:\/\/api.w.org\/{rel}","templated":true}]}}