{"id":3376,"date":"2024-02-08T14:53:14","date_gmt":"2024-02-08T11:53:14","guid":{"rendered":"https:\/\/sarabperfumes.com\/product\/invictus-paco-rabanne-erkek-parfum-55-ml\/"},"modified":"2026-02-28T20:40:15","modified_gmt":"2026-02-28T17:40:15","slug":"invictus-paco-rabanne-erkek-parfum-55-ml","status":"publish","type":"product","link":"https:\/\/sarabperfumes.com\/tr\/urun\/invictus-paco-rabanne-erkek-parfum-55-ml\/","title":{"rendered":"Invictus Paco Rabanne erkek parf\u00fcm (55 ml)"},"content":{"rendered":"","protected":false},"excerpt":{"rendered":"<ul>\n<li><strong>Invictus Paco Rabanne<\/strong><\/li>\n<li><strong>kal\u0131c\u0131l\u0131k<\/strong>: \u0130yi 6 ila 8 saat<\/li>\n<li><strong>Orijinale benzerlik y\u00fczdesi:<\/strong> %80<\/li>\n<li><strong>Koku Ailesi:<\/strong>odunsu suyu<\/li>\n<li><strong>Parf\u00fcm i\u00e7erikleri : <\/strong>\u00dcst notalar: Deniz meltemi, greyfurt ve mandalina ; orta notalar : defne yapra\u011f\u0131 ve yasemin; . Alt notalar : ambergris, me\u015fe yosunu ve pa\u00e7uli.<\/li>\n<li><strong>Kullan\u0131m zaman\u0131:<\/strong> Her zaman<\/li>\n<li><strong>sezon: <\/strong>ilkbahar yaz<\/li>\n<li><strong>\u00e7\u0131k\u0131\u015f y\u0131l\u0131:<\/strong> 2013<\/li>\n<\/ul>\n","protected":false},"featured_media":1224,"comment_status":"open","ping_status":"closed","template":"","meta":{"_gspb_post_css":""},"product_brand":[],"product_cat":[52],"product_tag":[55,182,110,181,99],"class_list":{"0":"post-3376","1":"product","2":"type-product","3":"status-publish","4":"has-post-thumbnail","6":"product_cat-acik-parfumler","7":"product_tag-erkek-parfumleri","8":"product_tag-ferah-kukular","9":"product_tag-gunluk-kokulari","10":"product_tag-ilkbahar-ve-yaz-parfumleri","11":"product_tag-paco-rabanne","13":"first","14":"instock","15":"shipping-taxable","16":"purchasable","17":"product-type-variable","18":"has-default-attributes"},"ct_brands":[],"_links":{"self":[{"href":"https:\/\/sarabperfumes.com\/tr\/wp-json\/wp\/v2\/product\/3376","targetHints":{"allow":["GET"]}}],"collection":[{"href":"https:\/\/sarabperfumes.com\/tr\/wp-json\/wp\/v2\/product"}],"about":[{"href":"https:\/\/sarabperfumes.com\/tr\/wp-json\/wp\/v2\/types\/product"}],"replies":[{"embeddable":true,"href":"https:\/\/sarabperfumes.com\/tr\/wp-json\/wp\/v2\/comments?post=3376"}],"wp:featuredmedia":[{"embeddable":true,"href":"https:\/\/sarabperfumes.com\/tr\/wp-json\/wp\/v2\/media\/1224"}],"wp:attachment":[{"href":"https:\/\/sarabperfumes.com\/tr\/wp-json\/wp\/v2\/media?parent=3376"}],"wp:term":[{"taxonomy":"product_brand","embeddable":true,"href":"https:\/\/sarabperfumes.com\/tr\/wp-json\/wp\/v2\/product_brand?post=3376"},{"taxonomy":"product_cat","embeddable":true,"href":"https:\/\/sarabperfumes.com\/tr\/wp-json\/wp\/v2\/product_cat?post=3376"},{"taxonomy":"product_tag","embeddable":true,"href":"https:\/\/sarabperfumes.com\/tr\/wp-json\/wp\/v2\/product_tag?post=3376"}],"curies":[{"name":"wp","href":"https:\/\/api.w.org\/{rel}","templated":true}]}}