{"id":3361,"date":"2024-02-08T15:53:36","date_gmt":"2024-02-08T12:53:36","guid":{"rendered":"https:\/\/sarabperfumes.com\/product\/america-sport-milton-lloyd-erkek-parfum-55-ml\/"},"modified":"2026-02-28T20:29:04","modified_gmt":"2026-02-28T17:29:04","slug":"america-sport-milton-lloyd-erkek-parfum-55-ml","status":"publish","type":"product","link":"https:\/\/sarabperfumes.com\/tr\/urun\/america-sport-milton-lloyd-erkek-parfum-55-ml\/","title":{"rendered":"America Sport Milton Lloyd erkek parf\u00fcm (55 ml)"},"content":{"rendered":"","protected":false},"excerpt":{"rendered":"<ul>\n<li><strong>America Sport Milton Lloyd<\/strong><\/li>\n<li><strong>kal\u0131c\u0131l\u0131k<\/strong>: \u0130yi 6 ila 8 saat<\/li>\n<li><strong>Orijinale <\/strong><strong>benzerlik <\/strong><strong>y\u00fczdesi<\/strong><strong>:<\/strong> %80<\/li>\n<li><strong>Koku <\/strong><strong>Ailesi<\/strong>: aromatik<\/li>\n<li><strong>Parf\u00fcm <\/strong><strong>i\u00e7erikleri <\/strong>: \u00dcst notalar: Nane, narenciye ve bitkisel notalar; orta notalar : baharat kokusu, \u00e7i\u00e7ek notalar\u0131 ve lavanta; Alt notalar : g\u00fcve otu, orman ve misk.<\/li>\n<li><strong>Kullan\u0131m <\/strong><strong>zaman\u0131<\/strong>: g\u00fcnl\u00fck<\/li>\n<li><strong>sezon: <\/strong>\u0130lkbahar yaz sonbahar<\/li>\n<li><strong>\u00e7\u0131k\u0131\u015f y\u0131l\u0131: <\/strong>2010<\/li>\n<\/ul>\n","protected":false},"featured_media":1590,"comment_status":"open","ping_status":"closed","template":"","meta":{"_gspb_post_css":""},"product_brand":[],"product_cat":[52],"product_tag":[55,110,181],"class_list":{"0":"post-3361","1":"product","2":"type-product","3":"status-publish","4":"has-post-thumbnail","6":"product_cat-acik-parfumler","7":"product_tag-erkek-parfumleri","8":"product_tag-gunluk-kokulari","9":"product_tag-ilkbahar-ve-yaz-parfumleri","11":"first","12":"instock","13":"shipping-taxable","14":"purchasable","15":"product-type-variable","16":"has-default-attributes"},"ct_brands":[],"_links":{"self":[{"href":"https:\/\/sarabperfumes.com\/tr\/wp-json\/wp\/v2\/product\/3361","targetHints":{"allow":["GET"]}}],"collection":[{"href":"https:\/\/sarabperfumes.com\/tr\/wp-json\/wp\/v2\/product"}],"about":[{"href":"https:\/\/sarabperfumes.com\/tr\/wp-json\/wp\/v2\/types\/product"}],"replies":[{"embeddable":true,"href":"https:\/\/sarabperfumes.com\/tr\/wp-json\/wp\/v2\/comments?post=3361"}],"wp:featuredmedia":[{"embeddable":true,"href":"https:\/\/sarabperfumes.com\/tr\/wp-json\/wp\/v2\/media\/1590"}],"wp:attachment":[{"href":"https:\/\/sarabperfumes.com\/tr\/wp-json\/wp\/v2\/media?parent=3361"}],"wp:term":[{"taxonomy":"product_brand","embeddable":true,"href":"https:\/\/sarabperfumes.com\/tr\/wp-json\/wp\/v2\/product_brand?post=3361"},{"taxonomy":"product_cat","embeddable":true,"href":"https:\/\/sarabperfumes.com\/tr\/wp-json\/wp\/v2\/product_cat?post=3361"},{"taxonomy":"product_tag","embeddable":true,"href":"https:\/\/sarabperfumes.com\/tr\/wp-json\/wp\/v2\/product_tag?post=3361"}],"curies":[{"name":"wp","href":"https:\/\/api.w.org\/{rel}","templated":true}]}}