{"id":3358,"date":"2024-02-08T15:57:05","date_gmt":"2024-02-08T12:57:05","guid":{"rendered":"https:\/\/sarabperfumes.com\/product\/dirham-rasasi-erkek-parfum-55-ml\/"},"modified":"2026-02-28T20:28:07","modified_gmt":"2026-02-28T17:28:07","slug":"dirham-rasasi-erkek-parfum-55-ml","status":"publish","type":"product","link":"https:\/\/sarabperfumes.com\/tr\/urun\/dirham-rasasi-erkek-parfum-55-ml\/","title":{"rendered":"Dirham rasasi erkek parf\u00fcm (55 ml)"},"content":{"rendered":"","protected":false},"excerpt":{"rendered":"<ul>\n<li><strong>Dirham rasasi<\/strong><\/li>\n<li><strong>kal\u0131c\u0131l\u0131k<\/strong>: \u0130yi 6 ila 8 saat<\/li>\n<li><strong>Orijinale <\/strong><strong>benzerlik <\/strong><strong>y\u00fczdesi<\/strong><strong>:<\/strong> %80<\/li>\n<li><strong>Koku <\/strong><strong>Ailesi<\/strong>:\u00e7i\u00e7ek Foug\u00e8re<\/li>\n<li><strong>Parf\u00fcm <\/strong><strong>i\u00e7erikleri <\/strong>: \u00dcst notalar: S\u00fcmb\u00fcl, limon, mandalina, portakal, portakal \u00e7i\u00e7e\u011fi \u00e7i\u00e7e\u011fi \u00e7i\u00e7e\u011fi, siyah frenk \u00fcz\u00fcm\u00fc, ye\u015fil yapraklar orta notalar : zambak, ylang-ylang, karanfil, g\u00fcl, vadi zamba\u011f\u0131, yasemin; Alt notalar : sandal a\u011fac\u0131, vetiver, balsam.<\/li>\n<li><strong>Kullan\u0131m <\/strong><strong>zaman\u0131<\/strong>: g\u00fcnl\u00fck<\/li>\n<li><strong>sezon: <\/strong>T\u00fcm sezonlar<\/li>\n<li><strong>\u00e7\u0131k\u0131\u015f y\u0131l\u0131:<\/strong> 2018<\/li>\n<\/ul>\n","protected":false},"featured_media":1230,"comment_status":"open","ping_status":"closed","template":"","meta":{"_gspb_post_css":""},"product_brand":[],"product_cat":[52],"product_tag":[55,110,92,109],"class_list":{"0":"post-3358","1":"product","2":"type-product","3":"status-publish","4":"has-post-thumbnail","6":"product_cat-acik-parfumler","7":"product_tag-erkek-parfumleri","8":"product_tag-gunluk-kokulari","9":"product_tag-rasasi","10":"product_tag-tum-sezonlara-parfumler","12":"first","13":"instock","14":"shipping-taxable","15":"purchasable","16":"product-type-variable","17":"has-default-attributes"},"ct_brands":[],"_links":{"self":[{"href":"https:\/\/sarabperfumes.com\/tr\/wp-json\/wp\/v2\/product\/3358","targetHints":{"allow":["GET"]}}],"collection":[{"href":"https:\/\/sarabperfumes.com\/tr\/wp-json\/wp\/v2\/product"}],"about":[{"href":"https:\/\/sarabperfumes.com\/tr\/wp-json\/wp\/v2\/types\/product"}],"replies":[{"embeddable":true,"href":"https:\/\/sarabperfumes.com\/tr\/wp-json\/wp\/v2\/comments?post=3358"}],"wp:featuredmedia":[{"embeddable":true,"href":"https:\/\/sarabperfumes.com\/tr\/wp-json\/wp\/v2\/media\/1230"}],"wp:attachment":[{"href":"https:\/\/sarabperfumes.com\/tr\/wp-json\/wp\/v2\/media?parent=3358"}],"wp:term":[{"taxonomy":"product_brand","embeddable":true,"href":"https:\/\/sarabperfumes.com\/tr\/wp-json\/wp\/v2\/product_brand?post=3358"},{"taxonomy":"product_cat","embeddable":true,"href":"https:\/\/sarabperfumes.com\/tr\/wp-json\/wp\/v2\/product_cat?post=3358"},{"taxonomy":"product_tag","embeddable":true,"href":"https:\/\/sarabperfumes.com\/tr\/wp-json\/wp\/v2\/product_tag?post=3358"}],"curies":[{"name":"wp","href":"https:\/\/api.w.org\/{rel}","templated":true}]}}