{"id":3352,"date":"2024-02-08T20:34:58","date_gmt":"2024-02-08T17:34:58","guid":{"rendered":"https:\/\/sarabperfumes.com\/product\/royale-blue-rasasi-erkek-parfum-55-ml\/"},"modified":"2024-02-08T20:34:58","modified_gmt":"2024-02-08T17:34:58","slug":"royale-blue-rasasi-erkek-parfum-55-ml","status":"publish","type":"product","link":"https:\/\/sarabperfumes.com\/tr\/urun\/royale-blue-rasasi-erkek-parfum-55-ml\/","title":{"rendered":"Royale Blue Rasasi erkek parf\u00fcm (55 ml)"},"content":{"rendered":"","protected":false},"excerpt":{"rendered":"<ul>\n<li><strong>Royale Blue Rasasi<\/strong><\/li>\n<li><strong>kal\u0131c\u0131l\u0131k<\/strong>: \u0130yi 6 ila 8 saat<\/li>\n<li><strong>Orijinale <\/strong><strong>benzerlik <\/strong><strong>y\u00fczdesi<\/strong><strong>:<\/strong> %80<\/li>\n<li><strong>Koku <\/strong><strong>Ailesi<\/strong>: odunsu \u00e7i\u00e7eksi miskli<\/li>\n<li><strong>Parf\u00fcm <\/strong><strong>i\u00e7erikleri <\/strong>: \u00dcst notalar: Deniz meltemi, bergamot, kavun ve galbanum; orta notalar : lavanta, menek\u015fe, yasemin ve g\u00fcl; Alt notalar: misk, sandal a\u011fac\u0131, sedir a\u011fac\u0131, pa\u00e7uli ve amber.<\/li>\n<li><strong>Kullan\u0131m <\/strong><strong>zaman\u0131<\/strong>: g\u00fcnl\u00fck<\/li>\n<li><strong>sezon:<\/strong> ilkbahar yaz<\/li>\n<li><strong>\u00e7\u0131k\u0131\u015f y\u0131l\u0131: <\/strong>2009<\/li>\n<\/ul>\n","protected":false},"featured_media":1232,"comment_status":"open","ping_status":"closed","template":"","meta":{"_gspb_post_css":""},"product_brand":[],"product_cat":[52],"product_tag":[55,110,181,92],"class_list":{"0":"post-3352","1":"product","2":"type-product","3":"status-publish","4":"has-post-thumbnail","6":"product_cat-acik-parfumler","7":"product_tag-erkek-parfumleri","8":"product_tag-gunluk-kokulari","9":"product_tag-ilkbahar-ve-yaz-parfumleri","10":"product_tag-rasasi","12":"first","13":"instock","14":"shipping-taxable","15":"purchasable","16":"product-type-variable","17":"has-default-attributes"},"ct_brands":[],"_links":{"self":[{"href":"https:\/\/sarabperfumes.com\/tr\/wp-json\/wp\/v2\/product\/3352","targetHints":{"allow":["GET"]}}],"collection":[{"href":"https:\/\/sarabperfumes.com\/tr\/wp-json\/wp\/v2\/product"}],"about":[{"href":"https:\/\/sarabperfumes.com\/tr\/wp-json\/wp\/v2\/types\/product"}],"replies":[{"embeddable":true,"href":"https:\/\/sarabperfumes.com\/tr\/wp-json\/wp\/v2\/comments?post=3352"}],"wp:featuredmedia":[{"embeddable":true,"href":"https:\/\/sarabperfumes.com\/tr\/wp-json\/wp\/v2\/media\/1232"}],"wp:attachment":[{"href":"https:\/\/sarabperfumes.com\/tr\/wp-json\/wp\/v2\/media?parent=3352"}],"wp:term":[{"taxonomy":"product_brand","embeddable":true,"href":"https:\/\/sarabperfumes.com\/tr\/wp-json\/wp\/v2\/product_brand?post=3352"},{"taxonomy":"product_cat","embeddable":true,"href":"https:\/\/sarabperfumes.com\/tr\/wp-json\/wp\/v2\/product_cat?post=3352"},{"taxonomy":"product_tag","embeddable":true,"href":"https:\/\/sarabperfumes.com\/tr\/wp-json\/wp\/v2\/product_tag?post=3352"}],"curies":[{"name":"wp","href":"https:\/\/api.w.org\/{rel}","templated":true}]}}