{"id":3322,"date":"2024-02-26T18:22:36","date_gmt":"2024-02-26T15:22:36","guid":{"rendered":"https:\/\/sarabperfumes.com\/product\/y-eau-de-parfum-yves-saint-laurent-erkek-parfum-55-ml\/"},"modified":"2026-02-23T14:12:24","modified_gmt":"2026-02-23T11:12:24","slug":"y-eau-de-parfum-yves-saint-laurent-erkek-parfum-55-ml","status":"publish","type":"product","link":"https:\/\/sarabperfumes.com\/tr\/urun\/y-eau-de-parfum-yves-saint-laurent-erkek-parfum-55-ml\/","title":{"rendered":"Yves Saint Laurent Y 296 erkek parf\u00fcm\u00fc"},"content":{"rendered":"","protected":false},"excerpt":{"rendered":"<ul>\n<li><strong>Y Eau de Parfum Yves Saint Laurent<\/strong><\/li>\n<li><strong>kal\u0131c\u0131l\u0131k<\/strong>: \u0130yi 6 ila 8 saat<\/li>\n<li><strong>Orijinale benzerlik y\u00fczdesi:<\/strong> %80<\/li>\n<li><strong>Koku serisi:<\/strong> Aromatik Fougere<\/li>\n<li><strong>Parf\u00fcm i\u00e7erikleri<\/strong> : \u00dcst notalar: Elma, zencefil ve bergamot; orta notalar : Ada\u00e7ay\u0131, ard\u0131\u00e7 meyveleri ve sardunya; Alt notalar : Amber a\u011fac\u0131, tonka fasulyesi, sedir a\u011fac\u0131, g\u00fcve otu ve buhur.   <\/li>\n<li><strong>Kullan\u0131m zaman\u0131: <\/strong>Her zaman<\/li>\n<li><strong>sezon:<\/strong> T\u00fcm sezonlar<\/li>\n<li><strong>\u00e7\u0131k\u0131\u015f y\u0131l\u0131:<\/strong> 2018<\/li>\n<\/ul>\n","protected":false},"featured_media":1698,"comment_status":"open","ping_status":"closed","template":"","meta":{"_gspb_post_css":""},"product_brand":[],"product_cat":[52],"product_tag":[171,55,109],"class_list":{"0":"post-3322","1":"product","2":"type-product","3":"status-publish","4":"has-post-thumbnail","6":"product_cat-acik-parfumler","7":"product_tag-benzersiz-parfumler","8":"product_tag-erkek-parfumleri","9":"product_tag-tum-sezonlara-parfumler","11":"first","12":"instock","13":"shipping-taxable","14":"purchasable","15":"product-type-variable","16":"has-default-attributes"},"ct_brands":[],"_links":{"self":[{"href":"https:\/\/sarabperfumes.com\/tr\/wp-json\/wp\/v2\/product\/3322","targetHints":{"allow":["GET"]}}],"collection":[{"href":"https:\/\/sarabperfumes.com\/tr\/wp-json\/wp\/v2\/product"}],"about":[{"href":"https:\/\/sarabperfumes.com\/tr\/wp-json\/wp\/v2\/types\/product"}],"replies":[{"embeddable":true,"href":"https:\/\/sarabperfumes.com\/tr\/wp-json\/wp\/v2\/comments?post=3322"}],"wp:featuredmedia":[{"embeddable":true,"href":"https:\/\/sarabperfumes.com\/tr\/wp-json\/wp\/v2\/media\/1698"}],"wp:attachment":[{"href":"https:\/\/sarabperfumes.com\/tr\/wp-json\/wp\/v2\/media?parent=3322"}],"wp:term":[{"taxonomy":"product_brand","embeddable":true,"href":"https:\/\/sarabperfumes.com\/tr\/wp-json\/wp\/v2\/product_brand?post=3322"},{"taxonomy":"product_cat","embeddable":true,"href":"https:\/\/sarabperfumes.com\/tr\/wp-json\/wp\/v2\/product_cat?post=3322"},{"taxonomy":"product_tag","embeddable":true,"href":"https:\/\/sarabperfumes.com\/tr\/wp-json\/wp\/v2\/product_tag?post=3322"}],"curies":[{"name":"wp","href":"https:\/\/api.w.org\/{rel}","templated":true}]}}