{"id":3298,"date":"2024-02-27T16:11:12","date_gmt":"2024-02-27T13:11:12","guid":{"rendered":"https:\/\/sarabperfumes.com\/product\/sauvage-elixir-dior-erkek-parfum-55-ml\/"},"modified":"2026-02-17T14:00:15","modified_gmt":"2026-02-17T11:00:15","slug":"sauvage-elixir-dior-erkek-parfum-55-ml","status":"publish","type":"product","link":"https:\/\/sarabperfumes.com\/tr\/urun\/sauvage-elixir-dior-erkek-parfum-55-ml\/","title":{"rendered":"Sauvage Elixir Dior 58 erkek parf\u00fcm\u00fc"},"content":{"rendered":"<p>Sauvage Elixir by Dior, canland\u0131r\u0131c\u0131 bergamot ve erkeksi lavantay\u0131 amber ve sandal a\u011fac\u0131n\u0131n s\u0131cak dokunu\u015flar\u0131yla birle\u015ftiren zarafet ve \u00e7ekicili\u011fin m\u00fckemmel bir kar\u0131\u015f\u0131m\u0131d\u0131r. Her ayr\u0131nt\u0131da g\u00fc\u00e7l\u00fc ve zarif ki\u015fili\u011fi ifade eden, derin ve unutulmaz bir izlenim b\u0131rakan e\u015fsiz bir koku.    <\/p>\n","protected":false},"excerpt":{"rendered":"<ul>\n<li><strong>Sauvage Elixir Dior<\/strong><\/li>\n<li><strong>kal\u0131c\u0131l\u0131k<\/strong>: \u0130yi 6 ila 8 saat<\/li>\n<li><strong>Orijinale benzerlik y\u00fczdesi:<\/strong> %80<\/li>\n<li>Koku Ailesi: aromatik<\/li>\n<li><strong>Parf\u00fcm i\u00e7erikleri :<\/strong> \u00dcst notalar: K\u00fc\u00e7\u00fck hindistan cevizi, tar\u00e7\u0131n, kakule ve greyfurt; orta notalar: lavanta; Alt notalar : meyan k\u00f6k\u00fc, sandal a\u011fac\u0131, amber, pa\u00e7uli ve Haiti g\u00fcveotu.   <\/li>\n<li> <strong>Kullan\u0131m Zaman\u0131<\/strong>: Gece<\/li>\n<li><strong>Sezon: <\/strong>k\u0131\u015f ilkbahar sonbahar<\/li>\n<li><strong>\u00e7\u0131k\u0131\u015f y\u0131l\u0131: <\/strong>2021<\/li>\n<\/ul>\n","protected":false},"featured_media":1798,"comment_status":"open","ping_status":"closed","template":"","meta":{"_gspb_post_css":""},"product_brand":[],"product_cat":[52],"product_tag":[96,55,189,106],"class_list":{"0":"post-3298","1":"product","2":"type-product","3":"status-publish","4":"has-post-thumbnail","6":"product_cat-acik-parfumler","7":"product_tag-dior","8":"product_tag-erkek-parfumleri","9":"product_tag-sicak-parfumler","10":"product_tag-sonbahar-kis-kokulari","12":"first","13":"instock","14":"shipping-taxable","15":"purchasable","16":"product-type-variable","17":"has-default-attributes"},"ct_brands":[],"_links":{"self":[{"href":"https:\/\/sarabperfumes.com\/tr\/wp-json\/wp\/v2\/product\/3298","targetHints":{"allow":["GET"]}}],"collection":[{"href":"https:\/\/sarabperfumes.com\/tr\/wp-json\/wp\/v2\/product"}],"about":[{"href":"https:\/\/sarabperfumes.com\/tr\/wp-json\/wp\/v2\/types\/product"}],"replies":[{"embeddable":true,"href":"https:\/\/sarabperfumes.com\/tr\/wp-json\/wp\/v2\/comments?post=3298"}],"wp:featuredmedia":[{"embeddable":true,"href":"https:\/\/sarabperfumes.com\/tr\/wp-json\/wp\/v2\/media\/1798"}],"wp:attachment":[{"href":"https:\/\/sarabperfumes.com\/tr\/wp-json\/wp\/v2\/media?parent=3298"}],"wp:term":[{"taxonomy":"product_brand","embeddable":true,"href":"https:\/\/sarabperfumes.com\/tr\/wp-json\/wp\/v2\/product_brand?post=3298"},{"taxonomy":"product_cat","embeddable":true,"href":"https:\/\/sarabperfumes.com\/tr\/wp-json\/wp\/v2\/product_cat?post=3298"},{"taxonomy":"product_tag","embeddable":true,"href":"https:\/\/sarabperfumes.com\/tr\/wp-json\/wp\/v2\/product_tag?post=3298"}],"curies":[{"name":"wp","href":"https:\/\/api.w.org\/{rel}","templated":true}]}}