{"id":3289,"date":"2024-06-24T14:52:47","date_gmt":"2024-06-24T11:52:47","guid":{"rendered":"https:\/\/sarabperfumes.com\/product\/imagination-louis-vuitton-erkek-parfum-55-ml\/"},"modified":"2026-04-20T03:26:50","modified_gmt":"2026-04-20T00:26:50","slug":"imagination-louis-vuitton-erkek-parfum-55-ml","status":"publish","type":"product","link":"https:\/\/sarabperfumes.com\/tr\/urun\/imagination-louis-vuitton-erkek-parfum-55-ml\/","title":{"rendered":"Imagination Louis Vuitton 360 Erkek parf\u00fcm\u00fc<br><br>"},"content":{"rendered":"<p>Ayd\u0131nl\u0131k bir yaz stilinde olan bu parf\u00fcm, duyular\u0131n\u0131z\u0131 uyand\u0131ran, ruhu canland\u0131ran ve iyimserlik uyand\u0131ran a\u011fa\u00e7 kavunu ve bergamot kokular\u0131yla patlayan taze ve canl\u0131 notalarla doluydu. Enerji dolu, tar\u00e7\u0131n ve Nijerya&#8217;n\u0131n parlayan kalbini saran bir koku. \u00d6zg\u00fcrle\u015fen adam i\u00e7in zencefil, sizi i\u00e7ten ke\u015ffetmeye davet eder ve \u00e7ekici kokusuyla varl\u0131\u011f\u0131n\u0131z\u0131 kan\u0131tlamak i\u00e7in t\u00fcm ya\u015fam tarz\u0131n\u0131z\u0131 de\u011fi\u015ftirir.<\/p>\n","protected":false},"excerpt":{"rendered":"<ul>\n<li><strong>Imagination Louis Vuitton<\/strong><\/li>\n<li><strong>kal\u0131c\u0131l\u0131k<\/strong>: \u0130yi 6 ila 8 saat<\/li>\n<li> <strong>Orijinale benzerlik :<\/strong>90%<\/li>\n<li><strong>Koku Ailesi<\/strong>:Aromatik narenciye<\/li>\n<li><strong>Parf\u00fcm i\u00e7erikleri : <\/strong>\u00dcst notalar: Narenciye, Calabria bergamotu ve Sicilya portakal\u0131; orta notalar : Tunus portakal \u00e7i\u00e7e\u011fi, Nepal zencefili ve Seylan tar\u00e7\u0131n\u0131; Alt notalar: siyah \u00c7in \u00e7ay\u0131, ambroksan, guaiac a\u011fac\u0131 ve buhur.<\/li>\n<li> <strong>Kullan\u0131m zaman\u0131:<\/strong> g\u00fcnl\u00fck<\/li>\n<li><strong>sezon:<\/strong> ilkbahar yaz<\/li>\n<li><strong>\u00e7\u0131k\u0131\u015f y\u0131l\u0131: <\/strong>2021<\/li>\n<\/ul>\n","protected":false},"featured_media":2655,"comment_status":"open","ping_status":"closed","template":"","meta":{"_gspb_post_css":""},"product_brand":[],"product_cat":[52],"product_tag":[171,55,100,102],"class_list":{"0":"post-3289","1":"product","2":"type-product","3":"status-publish","4":"has-post-thumbnail","6":"product_cat-acik-parfumler","7":"product_tag-benzersiz-parfumler","8":"product_tag-erkek-parfumleri","9":"product_tag-louis-vuitton","10":"product_tag-yazlik-erkek-parfumleri","12":"first","13":"instock","14":"shipping-taxable","15":"purchasable","16":"product-type-variable","17":"has-default-attributes"},"ct_brands":[],"_links":{"self":[{"href":"https:\/\/sarabperfumes.com\/tr\/wp-json\/wp\/v2\/product\/3289","targetHints":{"allow":["GET"]}}],"collection":[{"href":"https:\/\/sarabperfumes.com\/tr\/wp-json\/wp\/v2\/product"}],"about":[{"href":"https:\/\/sarabperfumes.com\/tr\/wp-json\/wp\/v2\/types\/product"}],"replies":[{"embeddable":true,"href":"https:\/\/sarabperfumes.com\/tr\/wp-json\/wp\/v2\/comments?post=3289"}],"wp:featuredmedia":[{"embeddable":true,"href":"https:\/\/sarabperfumes.com\/tr\/wp-json\/wp\/v2\/media\/2655"}],"wp:attachment":[{"href":"https:\/\/sarabperfumes.com\/tr\/wp-json\/wp\/v2\/media?parent=3289"}],"wp:term":[{"taxonomy":"product_brand","embeddable":true,"href":"https:\/\/sarabperfumes.com\/tr\/wp-json\/wp\/v2\/product_brand?post=3289"},{"taxonomy":"product_cat","embeddable":true,"href":"https:\/\/sarabperfumes.com\/tr\/wp-json\/wp\/v2\/product_cat?post=3289"},{"taxonomy":"product_tag","embeddable":true,"href":"https:\/\/sarabperfumes.com\/tr\/wp-json\/wp\/v2\/product_tag?post=3289"}],"curies":[{"name":"wp","href":"https:\/\/api.w.org\/{rel}","templated":true}]}}