{"id":3286,"date":"2024-06-24T15:25:54","date_gmt":"2024-06-24T12:25:54","guid":{"rendered":"https:\/\/sarabperfumes.com\/product\/emporio-armani-stronger-with-you-intensely-erkek-parfum-55-ml\/"},"modified":"2026-02-17T13:39:43","modified_gmt":"2026-02-17T10:39:43","slug":"emporio-armani-stronger-with-you-intensely-erkek-parfum-55-ml","status":"publish","type":"product","link":"https:\/\/sarabperfumes.com\/tr\/urun\/emporio-armani-stronger-with-you-intensely-erkek-parfum-55-ml\/","title":{"rendered":"Stronger With You Intensely Giorgio Armani 338 Erkek parf\u00fcm\u00fc<br><br>"},"content":{"rendered":"<p>Bu kendine \u00f6zg\u00fc parf\u00fcm\u00fcn kokusu, s\u0131cak vanilya ve canl\u0131 amber a\u011fac\u0131 notalar\u0131na dayanmaktad\u0131r. Pembe biberin kendine \u00f6zg\u00fc cesur kokusuyla tezat olu\u015fturuyor. Olgun konya\u011f\u0131n rengi, kokunun yo\u011fun karakterini m\u00fckemmel bir \u015fekilde temsil eder.<\/p>\n","protected":false},"excerpt":{"rendered":"<ul>\n<li><strong>Emporio Armani Stronger With You Intensely<\/strong><\/li>\n<li><strong>kal\u0131c\u0131l\u0131k<\/strong>: \u0130yi 6 ila 8 saat<\/li>\n<li> <strong>Orijinale benzerlik y\u00fczdesi:<\/strong> %80<\/li>\n<li><strong>Parf\u00fcm hatt\u0131<\/strong>: Do\u011fu Foug\u00e8re<\/li>\n<li> <strong>Parf\u00fcm\u00fcn bile\u015fenleri<\/strong>: A\u00e7\u0131l\u0131\u015f: Pembe biber, ard\u0131\u00e7 ve menek\u015fe; Orta nota: T\u00fcts\u00fc, tar\u00e7\u0131n, lavanta ve ada\u00e7ay\u0131; Baz: Vanilya, tonka fasulyesi, amber ve geyik derisi.\n<\/li>\n<li><strong>Kullan\u0131m zaman\u0131:<\/strong> gecelik<\/li>\n<li><strong>sezon: <\/strong>k\u0131\u015f sonbahar<\/li>\n<li> Yay\u0131n y\u0131l\u0131: 2019<\/li>\n<\/ul>\n","protected":false},"featured_media":2662,"comment_status":"open","ping_status":"closed","template":"","meta":{"_gspb_post_css":""},"product_brand":[],"product_cat":[52],"product_tag":[190,89,98,55,172,189],"class_list":{"0":"post-3286","1":"product","2":"type-product","3":"status-publish","4":"has-post-thumbnail","6":"product_cat-acik-parfumler","7":"product_tag-2025in-en-cok-satani","8":"product_tag-armani","9":"product_tag-en-cok-satan","10":"product_tag-erkek-parfumleri","11":"product_tag-erkekler-icin-kis-parfumleri","12":"product_tag-sicak-parfumler","14":"first","15":"instock","16":"shipping-taxable","17":"purchasable","18":"product-type-variable","19":"has-default-attributes"},"ct_brands":[],"_links":{"self":[{"href":"https:\/\/sarabperfumes.com\/tr\/wp-json\/wp\/v2\/product\/3286","targetHints":{"allow":["GET"]}}],"collection":[{"href":"https:\/\/sarabperfumes.com\/tr\/wp-json\/wp\/v2\/product"}],"about":[{"href":"https:\/\/sarabperfumes.com\/tr\/wp-json\/wp\/v2\/types\/product"}],"replies":[{"embeddable":true,"href":"https:\/\/sarabperfumes.com\/tr\/wp-json\/wp\/v2\/comments?post=3286"}],"wp:featuredmedia":[{"embeddable":true,"href":"https:\/\/sarabperfumes.com\/tr\/wp-json\/wp\/v2\/media\/2662"}],"wp:attachment":[{"href":"https:\/\/sarabperfumes.com\/tr\/wp-json\/wp\/v2\/media?parent=3286"}],"wp:term":[{"taxonomy":"product_brand","embeddable":true,"href":"https:\/\/sarabperfumes.com\/tr\/wp-json\/wp\/v2\/product_brand?post=3286"},{"taxonomy":"product_cat","embeddable":true,"href":"https:\/\/sarabperfumes.com\/tr\/wp-json\/wp\/v2\/product_cat?post=3286"},{"taxonomy":"product_tag","embeddable":true,"href":"https:\/\/sarabperfumes.com\/tr\/wp-json\/wp\/v2\/product_tag?post=3286"}],"curies":[{"name":"wp","href":"https:\/\/api.w.org\/{rel}","templated":true}]}}