{"id":3238,"date":"2024-04-16T14:06:02","date_gmt":"2024-04-16T11:06:02","guid":{"rendered":"https:\/\/sarabperfumes.com\/product\/this-is-her-zadig-voltaire-kadin-parfumu-55-ml\/"},"modified":"2026-02-17T13:54:07","modified_gmt":"2026-02-17T10:54:07","slug":"this-is-her-zadig-voltaire-kadin-parfumu-55-ml","status":"publish","type":"product","link":"https:\/\/sarabperfumes.com\/tr\/urun\/this-is-her-zadig-voltaire-kadin-parfumu-55-ml\/","title":{"rendered":"This is Her Zadig &amp; Voltaire 354 kad\u0131n parf\u00fcm\u00fc"},"content":{"rendered":"","protected":false},"excerpt":{"rendered":"<ul>\n<li><strong>This is Her Zadig Voltaire<\/strong><\/li>\n<li><strong>kal\u0131c\u0131l\u0131k<\/strong>: \u0130yi 6 ila 8 saat<\/li>\n<li> <strong>Orijinale benzerlik y\u00fczdesi:<\/strong> %80<\/li>\n<li><strong>Koku Ailesi: <\/strong>Oryantal vanilya<\/li>\n<li> <strong>Parf\u00fcm i\u00e7erikleri : <\/strong>\u00dcst notalar: Pembe biber, ipek a\u011fac\u0131 ve yasemin sambac; orta notalar: krem \u015fanti, vanilya ve kestane; Alt notalar: sandal a\u011fac\u0131 ve ka\u015fmir a\u011fac\u0131.<\/li>\n<li><strong>Kullan\u0131m zaman\u0131:<\/strong> Her zaman<\/li>\n<li><strong>Sezon: <\/strong>k\u0131\u015f ilkbahar sonbahar<\/li>\n<li> <strong> \u00c7\u0131k\u0131\u015f y\u0131l\u0131<\/strong>: 2016<\/li>\n<\/ul>\n","protected":false},"featured_media":2144,"comment_status":"open","ping_status":"closed","template":"","meta":{"_gspb_post_css":""},"product_brand":[],"product_cat":[52],"product_tag":[171,57,189],"class_list":{"0":"post-3238","1":"product","2":"type-product","3":"status-publish","4":"has-post-thumbnail","6":"product_cat-acik-parfumler","7":"product_tag-benzersiz-parfumler","8":"product_tag-kadin-parfumleri","9":"product_tag-sicak-parfumler","11":"first","12":"instock","13":"shipping-taxable","14":"purchasable","15":"product-type-variable","16":"has-default-attributes"},"ct_brands":[],"_links":{"self":[{"href":"https:\/\/sarabperfumes.com\/tr\/wp-json\/wp\/v2\/product\/3238","targetHints":{"allow":["GET"]}}],"collection":[{"href":"https:\/\/sarabperfumes.com\/tr\/wp-json\/wp\/v2\/product"}],"about":[{"href":"https:\/\/sarabperfumes.com\/tr\/wp-json\/wp\/v2\/types\/product"}],"replies":[{"embeddable":true,"href":"https:\/\/sarabperfumes.com\/tr\/wp-json\/wp\/v2\/comments?post=3238"}],"wp:featuredmedia":[{"embeddable":true,"href":"https:\/\/sarabperfumes.com\/tr\/wp-json\/wp\/v2\/media\/2144"}],"wp:attachment":[{"href":"https:\/\/sarabperfumes.com\/tr\/wp-json\/wp\/v2\/media?parent=3238"}],"wp:term":[{"taxonomy":"product_brand","embeddable":true,"href":"https:\/\/sarabperfumes.com\/tr\/wp-json\/wp\/v2\/product_brand?post=3238"},{"taxonomy":"product_cat","embeddable":true,"href":"https:\/\/sarabperfumes.com\/tr\/wp-json\/wp\/v2\/product_cat?post=3238"},{"taxonomy":"product_tag","embeddable":true,"href":"https:\/\/sarabperfumes.com\/tr\/wp-json\/wp\/v2\/product_tag?post=3238"}],"curies":[{"name":"wp","href":"https:\/\/api.w.org\/{rel}","templated":true}]}}