{"id":3220,"date":"2024-07-18T17:24:09","date_gmt":"2024-07-18T14:24:09","guid":{"rendered":"https:\/\/sarabperfumes.com\/product\/crystal-noir-versace-kadin-parfum-55-ml\/"},"modified":"2026-02-17T13:28:43","modified_gmt":"2026-02-17T10:28:43","slug":"crystal-noir-versace-kadin-parfum-55-ml","status":"publish","type":"product","link":"https:\/\/sarabperfumes.com\/tr\/urun\/crystal-noir-versace-kadin-parfum-55-ml\/","title":{"rendered":"Versace Crystal Noir 361 Kad\u0131n parf\u00fcm\u00fc<br><br>"},"content":{"rendered":"","protected":false},"excerpt":{"rendered":"<ul>\n<li><strong>Crystal Noir Versace<\/strong><\/li>\n<li><strong>kal\u0131c\u0131l\u0131k<\/strong>: \u0130yi 6 ila 8 saat<\/li>\n<li> <strong>Orijinale benzerlik y\u00fczdesi:<\/strong> %80<\/li>\n<li>Koku Ailesi:Oryantal \u00e7i\u00e7ek<\/li>\n<li> <strong>Parf\u00fcm i\u00e7erikleri <\/strong>: Biber, zencefil ve kakule; orta notalar: Hindistan cevizi, gardenya, portakal \u00e7i\u00e7e\u011fi ve \u015fakay\u0131k; Alt notalar: sandal a\u011fac\u0131, misk ve amber.<\/li>\n<li><strong>Kullan\u0131m zaman\u0131:<\/strong> gecelik<\/li>\n<li><strong>sezon: <\/strong>sonbahar K\u0131\u015f<\/li>\n<li> \u00c7\u0131k\u0131\u015f y\u0131l\u0131: 2004<\/li>\n<\/ul>\n","protected":false},"featured_media":2822,"comment_status":"open","ping_status":"closed","template":"","meta":{"_gspb_post_css":""},"product_brand":[],"product_cat":[52],"product_tag":[107,57],"class_list":{"0":"post-3220","1":"product","2":"type-product","3":"status-publish","4":"has-post-thumbnail","6":"product_cat-acik-parfumler","7":"product_tag-gece-kokulari","8":"product_tag-kadin-parfumleri","10":"first","11":"instock","12":"shipping-taxable","13":"purchasable","14":"product-type-variable","15":"has-default-attributes"},"ct_brands":[],"_links":{"self":[{"href":"https:\/\/sarabperfumes.com\/tr\/wp-json\/wp\/v2\/product\/3220","targetHints":{"allow":["GET"]}}],"collection":[{"href":"https:\/\/sarabperfumes.com\/tr\/wp-json\/wp\/v2\/product"}],"about":[{"href":"https:\/\/sarabperfumes.com\/tr\/wp-json\/wp\/v2\/types\/product"}],"replies":[{"embeddable":true,"href":"https:\/\/sarabperfumes.com\/tr\/wp-json\/wp\/v2\/comments?post=3220"}],"wp:featuredmedia":[{"embeddable":true,"href":"https:\/\/sarabperfumes.com\/tr\/wp-json\/wp\/v2\/media\/2822"}],"wp:attachment":[{"href":"https:\/\/sarabperfumes.com\/tr\/wp-json\/wp\/v2\/media?parent=3220"}],"wp:term":[{"taxonomy":"product_brand","embeddable":true,"href":"https:\/\/sarabperfumes.com\/tr\/wp-json\/wp\/v2\/product_brand?post=3220"},{"taxonomy":"product_cat","embeddable":true,"href":"https:\/\/sarabperfumes.com\/tr\/wp-json\/wp\/v2\/product_cat?post=3220"},{"taxonomy":"product_tag","embeddable":true,"href":"https:\/\/sarabperfumes.com\/tr\/wp-json\/wp\/v2\/product_tag?post=3220"}],"curies":[{"name":"wp","href":"https:\/\/api.w.org\/{rel}","templated":true}]}}