{"id":3211,"date":"2024-02-22T16:13:05","date_gmt":"2024-02-22T13:13:05","guid":{"rendered":"https:\/\/sarabperfumes.com\/product\/matiere-noire-louis-vuitton-kadin-parfum-55-ml\/"},"modified":"2024-02-22T16:13:05","modified_gmt":"2024-02-22T13:13:05","slug":"matiere-noire-louis-vuitton-kadin-parfum-55-ml","status":"publish","type":"product","link":"https:\/\/sarabperfumes.com\/tr\/urun\/matiere-noire-louis-vuitton-kadin-parfum-55-ml\/","title":{"rendered":"Mati\u00e8re Noire Louis Vuitton kad\u0131n parf\u00fcm (55 ml)"},"content":{"rendered":"","protected":false},"excerpt":{"rendered":"<ul>\n<li><strong>Mati\u00e8re Noire Louis Vuitton<\/strong><\/li>\n<li><strong>kal\u0131c\u0131l\u0131k:<\/strong> \u0130yi 6 ila 8 saat<\/li>\n<li><strong>Orijinale benzerlik y\u00fczdesi:<\/strong> %100<\/li>\n<li><strong>Koku Ailesi:<\/strong> oryantal odunsu<\/li>\n<li><strong>Parf\u00fcm i\u00e7erikleri : <\/strong>\u00dcst notalar: Siyah frenk \u00fcz\u00fcm\u00fc \u015furubu ve su aromas\u0131; orta notalar: g\u00fcl, siklamen, nergis ve yasemin sambac; Alt notalar: pa\u00e7uli, ud, t\u00fcts\u00fc ve benzoin .<\/li>\n<li><strong>Kullan\u0131m zaman\u0131:<\/strong> Her zaman<\/li>\n<li><strong>Sezon: <\/strong>k\u0131\u015f ilkbahar sonbahar<\/li>\n<li><strong>\u00e7\u0131k\u0131\u015f y\u0131l\u0131: <\/strong>2016<\/li>\n<\/ul>\n","protected":false},"featured_media":1520,"comment_status":"open","ping_status":"closed","template":"","meta":{"_gspb_post_css":""},"product_brand":[],"product_cat":[52],"product_tag":[100,105,108,106,56,101],"class_list":{"0":"post-3211","1":"product","2":"type-product","3":"status-publish","4":"has-post-thumbnail","6":"product_cat-acik-parfumler","7":"product_tag-louis-vuitton","8":"product_tag-oryantal-parfumler","9":"product_tag-sahane-kalicilik","10":"product_tag-sonbahar-kis-kokulari","11":"product_tag-uniseks-parfumler","12":"product_tag-zenginler-parfumu","14":"first","15":"outofstock","16":"shipping-taxable","17":"purchasable","18":"product-type-variable","19":"has-default-attributes"},"ct_brands":[],"_links":{"self":[{"href":"https:\/\/sarabperfumes.com\/tr\/wp-json\/wp\/v2\/product\/3211","targetHints":{"allow":["GET"]}}],"collection":[{"href":"https:\/\/sarabperfumes.com\/tr\/wp-json\/wp\/v2\/product"}],"about":[{"href":"https:\/\/sarabperfumes.com\/tr\/wp-json\/wp\/v2\/types\/product"}],"replies":[{"embeddable":true,"href":"https:\/\/sarabperfumes.com\/tr\/wp-json\/wp\/v2\/comments?post=3211"}],"wp:featuredmedia":[{"embeddable":true,"href":"https:\/\/sarabperfumes.com\/tr\/wp-json\/wp\/v2\/media\/1520"}],"wp:attachment":[{"href":"https:\/\/sarabperfumes.com\/tr\/wp-json\/wp\/v2\/media?parent=3211"}],"wp:term":[{"taxonomy":"product_brand","embeddable":true,"href":"https:\/\/sarabperfumes.com\/tr\/wp-json\/wp\/v2\/product_brand?post=3211"},{"taxonomy":"product_cat","embeddable":true,"href":"https:\/\/sarabperfumes.com\/tr\/wp-json\/wp\/v2\/product_cat?post=3211"},{"taxonomy":"product_tag","embeddable":true,"href":"https:\/\/sarabperfumes.com\/tr\/wp-json\/wp\/v2\/product_tag?post=3211"}],"curies":[{"name":"wp","href":"https:\/\/api.w.org\/{rel}","templated":true}]}}