{"id":3208,"date":"2024-02-08T20:51:08","date_gmt":"2024-02-08T17:51:08","guid":{"rendered":"https:\/\/sarabperfumes.com\/product\/zen-shiseido-kadin-parfum-55-ml\/"},"modified":"2026-02-28T20:18:32","modified_gmt":"2026-02-28T17:18:32","slug":"zen-shiseido-kadin-parfum-55-ml","status":"publish","type":"product","link":"https:\/\/sarabperfumes.com\/tr\/urun\/zen-shiseido-kadin-parfum-55-ml\/","title":{"rendered":"Zen Shiseido kad\u0131n parf\u00fcm (55 ml)"},"content":{"rendered":"","protected":false},"excerpt":{"rendered":"<ul>\n<li><strong>Zen Shiseido<\/strong><\/li>\n<li><strong>kal\u0131c\u0131l\u0131k:<\/strong>\u00a0 8 ila 10 saat<\/li>\n<li><strong>Orijinale benzerlik y\u00fczdesi:<\/strong> %80<\/li>\n<li><strong>Koku Ailesi:<\/strong> \u00e7i\u00e7eksi odunsu miskli<\/li>\n<li><strong>Parf\u00fcm i\u00e7erikleri :<\/strong> \u00dcst notalar: Greyfurt, ananas, bergamot, portakal ve g\u00fcl; orta notalar: frezya, k\u0131rm\u0131z\u0131 elma, nil\u00fcfer, s\u00fcmb\u00fcl, gardenya, vadi zamba\u011f\u0131 ve iris; Alt notalar: pa\u00e7uli, sedir a\u011fac\u0131, misk, amber, t\u00fcts\u00fc ve \u00e7am.<\/li>\n<li><strong>Kullan\u0131m zaman\u0131: <\/strong>Her zaman<\/li>\n<li><strong>sezon:<\/strong> Yaz ilkbahar sonbahar<\/li>\n<li><strong>\u00e7\u0131k\u0131\u015f y\u0131l\u0131: <\/strong>2007<\/li>\n<\/ul>\n","protected":false},"featured_media":1787,"comment_status":"open","ping_status":"closed","template":"","meta":{"_gspb_post_css":""},"product_brand":[],"product_cat":[52],"product_tag":[171,57,191,175],"class_list":{"0":"post-3208","1":"product","2":"type-product","3":"status-publish","4":"has-post-thumbnail","6":"product_cat-acik-parfumler","7":"product_tag-benzersiz-parfumler","8":"product_tag-kadin-parfumleri","9":"product_tag-odunsu-parfumler","10":"product_tag-yumusak-parfumler","12":"first","13":"instock","14":"shipping-taxable","15":"purchasable","16":"product-type-variable","17":"has-default-attributes"},"ct_brands":[],"_links":{"self":[{"href":"https:\/\/sarabperfumes.com\/tr\/wp-json\/wp\/v2\/product\/3208","targetHints":{"allow":["GET"]}}],"collection":[{"href":"https:\/\/sarabperfumes.com\/tr\/wp-json\/wp\/v2\/product"}],"about":[{"href":"https:\/\/sarabperfumes.com\/tr\/wp-json\/wp\/v2\/types\/product"}],"replies":[{"embeddable":true,"href":"https:\/\/sarabperfumes.com\/tr\/wp-json\/wp\/v2\/comments?post=3208"}],"wp:featuredmedia":[{"embeddable":true,"href":"https:\/\/sarabperfumes.com\/tr\/wp-json\/wp\/v2\/media\/1787"}],"wp:attachment":[{"href":"https:\/\/sarabperfumes.com\/tr\/wp-json\/wp\/v2\/media?parent=3208"}],"wp:term":[{"taxonomy":"product_brand","embeddable":true,"href":"https:\/\/sarabperfumes.com\/tr\/wp-json\/wp\/v2\/product_brand?post=3208"},{"taxonomy":"product_cat","embeddable":true,"href":"https:\/\/sarabperfumes.com\/tr\/wp-json\/wp\/v2\/product_cat?post=3208"},{"taxonomy":"product_tag","embeddable":true,"href":"https:\/\/sarabperfumes.com\/tr\/wp-json\/wp\/v2\/product_tag?post=3208"}],"curies":[{"name":"wp","href":"https:\/\/api.w.org\/{rel}","templated":true}]}}