{"id":3207,"date":"2024-02-17T16:48:53","date_gmt":"2024-02-17T13:48:53","guid":{"rendered":"https:\/\/sarabperfumes.com\/product\/eitrak-sihrak-by-mado-eau-de-parfum-kadin-parfum-100-ml\/"},"modified":"2024-02-17T16:48:53","modified_gmt":"2024-02-17T13:48:53","slug":"eitrak-sihrak-by-mado-eau-de-parfum-kadin-parfum-100-ml","status":"publish","type":"product","link":"https:\/\/sarabperfumes.com\/tr\/urun\/eitrak-sihrak-by-mado-eau-de-parfum-kadin-parfum-100-ml\/","title":{"rendered":"Eitrak Sihrak By Mado Eau De Parfum kad\u0131n parf\u00fcm (100 ml)"},"content":{"rendered":"<p>Eitrak Sihrak : Frans\u0131z lavantas\u0131 ve Fas portakal \u00e7i\u00e7e\u011finin s\u0131cak vanilya notalar\u0131yla cesur bir kar\u0131\u015f\u0131m\u0131. Modern ve asi bir ruhla \u00f6zg\u00fcrl\u00fc\u011f\u00fc ve g\u00fcc\u00fc b\u00fcnyesinde bar\u0131nd\u0131r\u0131r. Kendine g\u00fcvenen ve cesur kad\u0131nlar i\u00e7in uygundur. L\u00fcks, uzun s\u00fcre kal\u0131c\u0131 koku. Her durumda unutulmaz bir izlenim b\u0131rak\u0131r.<\/p>\n","protected":false},"excerpt":{"rendered":"<ul>\n<li><strong>Eitrak Sihrak By Mado Eau De Parfum<\/strong><\/li>\n<li><strong>Koku Ailesi: <\/strong>oryantal Foug\u00e8re<\/li>\n<li> <strong>Parf\u00fcm i\u00e7erikleri :<\/strong> \u00dcst notalar: Mandalina, siyah frenk \u00fcz\u00fcm\u00fc ve petitgrain; orta notalar: lavanta, portakal \u00e7i\u00e7e\u011fi ve yasemin; Alt notalar: Madagaskar vanilyas\u0131, misk, sedir a\u011fac\u0131 ve ambergris.<\/li>\n<li><strong>Kullan\u0131m zaman\u0131:<\/strong> Her zaman<\/li>\n<li><strong>sezon: <\/strong>T\u00fcm sezonlar<\/li>\n<li> <strong>\u00e7\u0131k\u0131\u015f y\u0131l\u0131:<\/strong> 2023<\/li>\n<\/ul>\n","protected":false},"featured_media":1390,"comment_status":"open","ping_status":"closed","template":"","meta":{"_gspb_post_css":""},"product_brand":[],"product_cat":[49],"product_tag":[57],"class_list":{"0":"post-3207","1":"product","2":"type-product","3":"status-publish","4":"has-post-thumbnail","6":"product_cat-hazir-parfumler","7":"product_tag-kadin-parfumleri","9":"first","10":"outofstock","11":"shipping-taxable","12":"purchasable","13":"product-type-simple"},"ct_brands":[],"_links":{"self":[{"href":"https:\/\/sarabperfumes.com\/tr\/wp-json\/wp\/v2\/product\/3207","targetHints":{"allow":["GET"]}}],"collection":[{"href":"https:\/\/sarabperfumes.com\/tr\/wp-json\/wp\/v2\/product"}],"about":[{"href":"https:\/\/sarabperfumes.com\/tr\/wp-json\/wp\/v2\/types\/product"}],"replies":[{"embeddable":true,"href":"https:\/\/sarabperfumes.com\/tr\/wp-json\/wp\/v2\/comments?post=3207"}],"wp:featuredmedia":[{"embeddable":true,"href":"https:\/\/sarabperfumes.com\/tr\/wp-json\/wp\/v2\/media\/1390"}],"wp:attachment":[{"href":"https:\/\/sarabperfumes.com\/tr\/wp-json\/wp\/v2\/media?parent=3207"}],"wp:term":[{"taxonomy":"product_brand","embeddable":true,"href":"https:\/\/sarabperfumes.com\/tr\/wp-json\/wp\/v2\/product_brand?post=3207"},{"taxonomy":"product_cat","embeddable":true,"href":"https:\/\/sarabperfumes.com\/tr\/wp-json\/wp\/v2\/product_cat?post=3207"},{"taxonomy":"product_tag","embeddable":true,"href":"https:\/\/sarabperfumes.com\/tr\/wp-json\/wp\/v2\/product_tag?post=3207"}],"curies":[{"name":"wp","href":"https:\/\/api.w.org\/{rel}","templated":true}]}}