{"id":3180,"date":"2024-02-01T09:06:03","date_gmt":"2024-02-01T06:06:03","guid":{"rendered":"https:\/\/sarabperfumes.com\/product\/bombshell-passion-victorias-secret-kadin-parfum-55-ml\/"},"modified":"2024-09-08T00:03:32","modified_gmt":"2024-09-07T21:03:32","slug":"bombshell-passion-victorias-secret-kadin-parfum-55-ml","status":"publish","type":"product","link":"https:\/\/sarabperfumes.com\/tr\/urun\/bombshell-passion-victorias-secret-kadin-parfum-55-ml\/","title":{"rendered":"Bombshell Passion Victoria&#8217;s Secret kad\u0131n parf\u00fcm (55 ml)"},"content":{"rendered":"","protected":false},"excerpt":{"rendered":"<ul>\n<li><strong>Bombshell Passion Victoria&#8217;s Secret<\/strong><\/li>\n<li><strong>lkal\u0131c\u0131l\u0131k<\/strong>: \u0130yi 6 ila 8 saat<\/li>\n<li> <strong>Orijinale benzerlik y\u00fczdesi:<\/strong> %80<\/li>\n<li><strong>Koku Ailesi:<\/strong> \u00e7i\u00e7eksi<\/li>\n<li> <strong>Parf\u00fcm i\u00e7erikleri : <\/strong>\u00dcst notalar: Cassia yapraklar\u0131; orta notalar: \u015fakay\u0131k; Alt notalar: g\u00fcl.<\/li>\n<li><strong>Kullan\u0131m zaman\u0131:<\/strong> Her zaman<\/li>\n<li><strong>sezon: <\/strong>T\u00fcm sezonlar<\/li>\n<li> <strong>\u00e7\u0131k\u0131\u015f y\u0131l\u0131: <\/strong>2021<\/li>\n<\/ul>\n","protected":false},"featured_media":1133,"comment_status":"open","ping_status":"closed","template":"","meta":{"_gspb_post_css":""},"product_brand":[],"product_cat":[52],"product_tag":[179,57,109],"class_list":{"0":"post-3180","1":"product","2":"type-product","3":"status-publish","4":"has-post-thumbnail","6":"product_cat-acik-parfumler","7":"product_tag-ciceksi-meyveli-kokular","8":"product_tag-kadin-parfumleri","9":"product_tag-tum-sezonlara-parfumler","11":"first","12":"instock","13":"shipping-taxable","14":"purchasable","15":"product-type-variable","16":"has-default-attributes"},"ct_brands":[],"_links":{"self":[{"href":"https:\/\/sarabperfumes.com\/tr\/wp-json\/wp\/v2\/product\/3180","targetHints":{"allow":["GET"]}}],"collection":[{"href":"https:\/\/sarabperfumes.com\/tr\/wp-json\/wp\/v2\/product"}],"about":[{"href":"https:\/\/sarabperfumes.com\/tr\/wp-json\/wp\/v2\/types\/product"}],"replies":[{"embeddable":true,"href":"https:\/\/sarabperfumes.com\/tr\/wp-json\/wp\/v2\/comments?post=3180"}],"wp:featuredmedia":[{"embeddable":true,"href":"https:\/\/sarabperfumes.com\/tr\/wp-json\/wp\/v2\/media\/1133"}],"wp:attachment":[{"href":"https:\/\/sarabperfumes.com\/tr\/wp-json\/wp\/v2\/media?parent=3180"}],"wp:term":[{"taxonomy":"product_brand","embeddable":true,"href":"https:\/\/sarabperfumes.com\/tr\/wp-json\/wp\/v2\/product_brand?post=3180"},{"taxonomy":"product_cat","embeddable":true,"href":"https:\/\/sarabperfumes.com\/tr\/wp-json\/wp\/v2\/product_cat?post=3180"},{"taxonomy":"product_tag","embeddable":true,"href":"https:\/\/sarabperfumes.com\/tr\/wp-json\/wp\/v2\/product_tag?post=3180"}],"curies":[{"name":"wp","href":"https:\/\/api.w.org\/{rel}","templated":true}]}}