{"id":3171,"date":"2024-02-01T08:58:30","date_gmt":"2024-02-01T05:58:30","guid":{"rendered":"https:\/\/sarabperfumes.com\/product\/dkny-be-delicious-donna-karan-kadin-parfum-55-ml\/"},"modified":"2024-02-01T08:58:30","modified_gmt":"2024-02-01T05:58:30","slug":"dkny-be-delicious-donna-karan-kadin-parfum-55-ml","status":"publish","type":"product","link":"https:\/\/sarabperfumes.com\/tr\/urun\/dkny-be-delicious-donna-karan-kadin-parfum-55-ml\/","title":{"rendered":"DKNY Be Delicious Donna Karan kad\u0131n parf\u00fcm (55 ml)"},"content":{"rendered":"","protected":false},"excerpt":{"rendered":"<ul>\n<li><strong>DKNY Be Delicious Donna Karan<\/strong><\/li>\n<li><strong>lkal\u0131c\u0131l\u0131k<\/strong>: \u0130yi 6 ila 8 saat<\/li>\n<li> <strong>Orijinale benzerlik y\u00fczdesi:<\/strong> %80<\/li>\n<li><strong>Koku Ailesi:<\/strong> \u00e7i\u00e7eksi meyveli<\/li>\n<li> <strong>Parf\u00fcm i\u00e7erikleri :<\/strong> \u00dcst notalar: Salatal\u0131k, greyfurt ve manolya; orta notalar: ye\u015fil elma, vadi zamba\u011f\u0131, s\u00fcmb\u00fclteber, menek\u015fe ve g\u00fcl; Alt notalar: ah\u015fap, sandal a\u011fac\u0131 ve amber.<\/li>\n<li><strong>Kullan\u0131m zaman\u0131:<\/strong> g\u00fcnl\u00fck<\/li>\n<li><strong>sezon:<\/strong> ilkbahar yaz<\/li>\n<li> <strong>\u00e7\u0131k\u0131\u015f y\u0131l\u0131:<\/strong> 2004<\/li>\n<\/ul>\n","protected":false},"featured_media":1130,"comment_status":"open","ping_status":"closed","template":"","meta":{"_gspb_post_css":""},"product_brand":[],"product_cat":[52],"product_tag":[171,179,110,181,57],"class_list":{"0":"post-3171","1":"product","2":"type-product","3":"status-publish","4":"has-post-thumbnail","6":"product_cat-acik-parfumler","7":"product_tag-benzersiz-parfumler","8":"product_tag-ciceksi-meyveli-kokular","9":"product_tag-gunluk-kokulari","10":"product_tag-ilkbahar-ve-yaz-parfumleri","11":"product_tag-kadin-parfumleri","13":"first","14":"outofstock","15":"shipping-taxable","16":"purchasable","17":"product-type-variable","18":"has-default-attributes"},"ct_brands":[],"_links":{"self":[{"href":"https:\/\/sarabperfumes.com\/tr\/wp-json\/wp\/v2\/product\/3171","targetHints":{"allow":["GET"]}}],"collection":[{"href":"https:\/\/sarabperfumes.com\/tr\/wp-json\/wp\/v2\/product"}],"about":[{"href":"https:\/\/sarabperfumes.com\/tr\/wp-json\/wp\/v2\/types\/product"}],"replies":[{"embeddable":true,"href":"https:\/\/sarabperfumes.com\/tr\/wp-json\/wp\/v2\/comments?post=3171"}],"wp:featuredmedia":[{"embeddable":true,"href":"https:\/\/sarabperfumes.com\/tr\/wp-json\/wp\/v2\/media\/1130"}],"wp:attachment":[{"href":"https:\/\/sarabperfumes.com\/tr\/wp-json\/wp\/v2\/media?parent=3171"}],"wp:term":[{"taxonomy":"product_brand","embeddable":true,"href":"https:\/\/sarabperfumes.com\/tr\/wp-json\/wp\/v2\/product_brand?post=3171"},{"taxonomy":"product_cat","embeddable":true,"href":"https:\/\/sarabperfumes.com\/tr\/wp-json\/wp\/v2\/product_cat?post=3171"},{"taxonomy":"product_tag","embeddable":true,"href":"https:\/\/sarabperfumes.com\/tr\/wp-json\/wp\/v2\/product_tag?post=3171"}],"curies":[{"name":"wp","href":"https:\/\/api.w.org\/{rel}","templated":true}]}}