{"id":3162,"date":"2024-01-30T02:25:24","date_gmt":"2024-01-29T23:25:24","guid":{"rendered":"https:\/\/sarabperfumes.com\/product\/sexy-little-things-noir-tease-victorias-secret-kadin-parfum-55-ml\/"},"modified":"2024-01-30T02:25:24","modified_gmt":"2024-01-29T23:25:24","slug":"sexy-little-things-noir-tease-victorias-secret-kadin-parfum-55-ml","status":"publish","type":"product","link":"https:\/\/sarabperfumes.com\/tr\/urun\/sexy-little-things-noir-tease-victorias-secret-kadin-parfum-55-ml\/","title":{"rendered":"Sexy Little Things Noir Tease Victoria&#8217;s Secret kad\u0131n parf\u00fcm (55 ml)"},"content":{"rendered":"","protected":false},"excerpt":{"rendered":"<ul>\n<li><strong>Sexy Little Things Noir Tease Victoria&#8217;s Secret<\/strong><\/li>\n<li><strong>lkal\u0131c\u0131l\u0131k<\/strong>: \u0130yi 6 ila 8 saat<\/li>\n<li> <strong>Orijinale benzerlik :<\/strong>90%<\/li>\n<li><strong>Koku Ailesi:<\/strong> \u00e7i\u00e7eksi meyveli<\/li>\n<li> <strong>Parf\u00fcm i\u00e7erikleri :<\/strong> \u00dcst notalar: Armut, li\u00e7i, k\u0131rm\u0131z\u0131 elma ve mandalina; orta notalar: gardenya, yasemin, bezelye, frezya ve manolya; Alt notalar: vanilya, pralin, amber, misk, sandal a\u011fac\u0131 ve benzoin-.<\/li>\n<li><strong>Kullan\u0131m zaman\u0131:<\/strong> Her zaman<\/li>\n<li><strong>sezon: <\/strong>T\u00fcm sezonlar<\/li>\n<li> <strong>\u00e7\u0131k\u0131\u015f y\u0131l\u0131<\/strong>: 2010<\/li>\n<\/ul>\n","protected":false},"featured_media":1329,"comment_status":"open","ping_status":"closed","template":"","meta":{"_gspb_post_css":""},"product_brand":[],"product_cat":[52],"product_tag":[179,57,109,175],"class_list":{"0":"post-3162","1":"product","2":"type-product","3":"status-publish","4":"has-post-thumbnail","6":"product_cat-acik-parfumler","7":"product_tag-ciceksi-meyveli-kokular","8":"product_tag-kadin-parfumleri","9":"product_tag-tum-sezonlara-parfumler","10":"product_tag-yumusak-parfumler","12":"first","13":"instock","14":"shipping-taxable","15":"purchasable","16":"product-type-variable","17":"has-default-attributes"},"ct_brands":[],"_links":{"self":[{"href":"https:\/\/sarabperfumes.com\/tr\/wp-json\/wp\/v2\/product\/3162","targetHints":{"allow":["GET"]}}],"collection":[{"href":"https:\/\/sarabperfumes.com\/tr\/wp-json\/wp\/v2\/product"}],"about":[{"href":"https:\/\/sarabperfumes.com\/tr\/wp-json\/wp\/v2\/types\/product"}],"replies":[{"embeddable":true,"href":"https:\/\/sarabperfumes.com\/tr\/wp-json\/wp\/v2\/comments?post=3162"}],"wp:featuredmedia":[{"embeddable":true,"href":"https:\/\/sarabperfumes.com\/tr\/wp-json\/wp\/v2\/media\/1329"}],"wp:attachment":[{"href":"https:\/\/sarabperfumes.com\/tr\/wp-json\/wp\/v2\/media?parent=3162"}],"wp:term":[{"taxonomy":"product_brand","embeddable":true,"href":"https:\/\/sarabperfumes.com\/tr\/wp-json\/wp\/v2\/product_brand?post=3162"},{"taxonomy":"product_cat","embeddable":true,"href":"https:\/\/sarabperfumes.com\/tr\/wp-json\/wp\/v2\/product_cat?post=3162"},{"taxonomy":"product_tag","embeddable":true,"href":"https:\/\/sarabperfumes.com\/tr\/wp-json\/wp\/v2\/product_tag?post=3162"}],"curies":[{"name":"wp","href":"https:\/\/api.w.org\/{rel}","templated":true}]}}