{"id":3152,"date":"2024-02-06T17:24:22","date_gmt":"2024-02-06T14:24:22","guid":{"rendered":"https:\/\/sarabperfumes.com\/product\/acqua-di-gio-giorgio-armani-erkek-parfum-55-ml\/"},"modified":"2026-04-13T03:21:46","modified_gmt":"2026-04-13T00:21:46","slug":"acqua-di-gio-giorgio-armani-erkek-parfum-55-ml","status":"publish","type":"product","link":"https:\/\/sarabperfumes.com\/tr\/urun\/acqua-di-gio-giorgio-armani-erkek-parfum-55-ml\/","title":{"rendered":"Acqua di Gio Giorgio Armani erkek parf\u00fcm (55 ml)"},"content":{"rendered":"","protected":false},"excerpt":{"rendered":"<ul>\n<li><strong>Acqua di Gio Giorgio Armani<\/strong><\/li>\n<li><strong>lkal\u0131c\u0131l\u0131k<\/strong>: \u0130yi 6 ila 8 saat<\/li>\n<li> <strong>Orijinale benzerlik y\u00fczdesi:<\/strong> %80<\/li>\n<li><strong>Koku Ailesi:<\/strong> Baharatl\u0131, Turun\u00e7gil, Ferah<\/li>\n<li> <strong>Parf\u00fcm i\u00e7erikleri : <\/strong>\u00dcst notalar: limon, bergamot, yasemin, portakal, mandalina ve portakal \u00e7i\u00e7e\u011fi \u00e7i\u00e7e\u011fi; orta notalar: deniz meltemi, yasemin, \u015feftali, biberiye, s\u00fcmb\u00fcl, siklamen, ki\u015fni\u015f, menek\u015fe, hindistan cevizi, g\u00fcl; Alt notalar: beyaz misk, sedir a\u011fac\u0131, me\u015fe yosunu, pa\u00e7uli ve amber.<\/li>\n<li><strong>Kullan\u0131m zaman\u0131:<\/strong> g\u00fcnl\u00fck<\/li>\n<li><strong>sezon:<\/strong> Yaz Bahar<\/li>\n<li> <strong>\u00e7\u0131k\u0131\u015f y\u0131l\u0131: <\/strong>1996<\/li>\n<\/ul>\n","protected":false},"featured_media":1604,"comment_status":"open","ping_status":"closed","template":"","meta":{"_gspb_post_css":""},"product_brand":[],"product_cat":[52],"product_tag":[89,55,182,110,181],"class_list":{"0":"post-3152","1":"product","2":"type-product","3":"status-publish","4":"has-post-thumbnail","6":"product_cat-acik-parfumler","7":"product_tag-armani","8":"product_tag-erkek-parfumleri","9":"product_tag-ferah-kukular","10":"product_tag-gunluk-kokulari","11":"product_tag-ilkbahar-ve-yaz-parfumleri","13":"first","14":"instock","15":"shipping-taxable","16":"purchasable","17":"product-type-variable","18":"has-default-attributes"},"ct_brands":[],"_links":{"self":[{"href":"https:\/\/sarabperfumes.com\/tr\/wp-json\/wp\/v2\/product\/3152","targetHints":{"allow":["GET"]}}],"collection":[{"href":"https:\/\/sarabperfumes.com\/tr\/wp-json\/wp\/v2\/product"}],"about":[{"href":"https:\/\/sarabperfumes.com\/tr\/wp-json\/wp\/v2\/types\/product"}],"replies":[{"embeddable":true,"href":"https:\/\/sarabperfumes.com\/tr\/wp-json\/wp\/v2\/comments?post=3152"}],"wp:featuredmedia":[{"embeddable":true,"href":"https:\/\/sarabperfumes.com\/tr\/wp-json\/wp\/v2\/media\/1604"}],"wp:attachment":[{"href":"https:\/\/sarabperfumes.com\/tr\/wp-json\/wp\/v2\/media?parent=3152"}],"wp:term":[{"taxonomy":"product_brand","embeddable":true,"href":"https:\/\/sarabperfumes.com\/tr\/wp-json\/wp\/v2\/product_brand?post=3152"},{"taxonomy":"product_cat","embeddable":true,"href":"https:\/\/sarabperfumes.com\/tr\/wp-json\/wp\/v2\/product_cat?post=3152"},{"taxonomy":"product_tag","embeddable":true,"href":"https:\/\/sarabperfumes.com\/tr\/wp-json\/wp\/v2\/product_tag?post=3152"}],"curies":[{"name":"wp","href":"https:\/\/api.w.org\/{rel}","templated":true}]}}