{"id":1433,"date":"2024-01-30T01:57:44","date_gmt":"2024-01-29T22:57:44","guid":{"rendered":"https:\/\/sarabperfumes.com\/product\/libre-yves-saint-laurent-50-ml\/"},"modified":"2024-08-05T19:09:28","modified_gmt":"2024-08-05T16:09:28","slug":"libre-yves-saint-laurent-50-ml","status":"publish","type":"product","link":"https:\/\/sarabperfumes.com\/tr\/urun\/libre-yves-saint-laurent-50-ml\/","title":{"rendered":"Libre Yves Saint Laurent kad\u0131n parf\u00fcm (55 ml)"},"content":{"rendered":"","protected":false},"excerpt":{"rendered":"<ul>\n<li><strong>Libre Yves Saint Laurent<\/strong><\/li>\n<li><strong>kal\u0131c\u0131l\u0131k<\/strong>: \u0130yi 6 ila 8 saat<\/li>\n<li> <strong>Orijinale benzerlik y\u00fczdesi:<\/strong> %80<\/li>\n<li><strong>Koku Ailesi: <\/strong> oryantal Foug\u00e8re<\/li>\n<li> <strong>Parf\u00fcm i\u00e7erikleri:<\/strong> \u00dcst notalar: lavanta, mandalina, siyah frenk \u00fcz\u00fcm\u00fc ve petitgrain; Kalp: lavanta, portakal \u00e7i\u00e7e\u011fi ve yasemin; Baz: Madagaskar vanilyas\u0131, misk, sedir a\u011fac\u0131 ve ambergris.<\/li>\n<li><strong>Kullan\u0131m zaman\u0131:<\/strong> Her zaman<\/li>\n<li><strong>sezon: <\/strong>T\u00fcm sezonlar<\/li>\n<li> <strong> \u00e7\u0131k\u0131\u015f y\u0131l\u0131<\/strong>: 2019<\/li>\n<\/ul>\n","protected":false},"featured_media":1114,"comment_status":"open","ping_status":"closed","template":"","meta":{"_gspb_post_css":""},"product_brand":[],"product_cat":[52],"product_tag":[57,105,109],"class_list":{"0":"post-1433","1":"product","2":"type-product","3":"status-publish","4":"has-post-thumbnail","6":"product_cat-acik-parfumler","7":"product_tag-kadin-parfumleri","8":"product_tag-oryantal-parfumler","9":"product_tag-tum-sezonlara-parfumler","11":"first","12":"instock","13":"shipping-taxable","14":"purchasable","15":"product-type-variable","16":"has-default-attributes"},"ct_brands":[],"_links":{"self":[{"href":"https:\/\/sarabperfumes.com\/tr\/wp-json\/wp\/v2\/product\/1433","targetHints":{"allow":["GET"]}}],"collection":[{"href":"https:\/\/sarabperfumes.com\/tr\/wp-json\/wp\/v2\/product"}],"about":[{"href":"https:\/\/sarabperfumes.com\/tr\/wp-json\/wp\/v2\/types\/product"}],"replies":[{"embeddable":true,"href":"https:\/\/sarabperfumes.com\/tr\/wp-json\/wp\/v2\/comments?post=1433"}],"wp:featuredmedia":[{"embeddable":true,"href":"https:\/\/sarabperfumes.com\/tr\/wp-json\/wp\/v2\/media\/1114"}],"wp:attachment":[{"href":"https:\/\/sarabperfumes.com\/tr\/wp-json\/wp\/v2\/media?parent=1433"}],"wp:term":[{"taxonomy":"product_brand","embeddable":true,"href":"https:\/\/sarabperfumes.com\/tr\/wp-json\/wp\/v2\/product_brand?post=1433"},{"taxonomy":"product_cat","embeddable":true,"href":"https:\/\/sarabperfumes.com\/tr\/wp-json\/wp\/v2\/product_cat?post=1433"},{"taxonomy":"product_tag","embeddable":true,"href":"https:\/\/sarabperfumes.com\/tr\/wp-json\/wp\/v2\/product_tag?post=1433"}],"curies":[{"name":"wp","href":"https:\/\/api.w.org\/{rel}","templated":true}]}}