{"id":1409,"date":"2024-02-17T17:02:56","date_gmt":"2024-02-17T14:02:56","guid":{"rendered":"https:\/\/sarabperfumes.com\/product\/beyaz-amber-oda-spreyi-500-ml\/"},"modified":"2024-08-06T19:44:12","modified_gmt":"2024-08-06T16:44:12","slug":"beyaz-amber-oda-spreyi-500-ml","status":"publish","type":"product","link":"https:\/\/sarabperfumes.com\/tr\/urun\/beyaz-amber-oda-spreyi-500-ml\/","title":{"rendered":"beyaz Amber Oda Spreyi ( 500 ML )"},"content":{"rendered":"<p><strong>Beyaz Amber oda<\/strong> spreyi sizi an\u0131nda \u015fa\u015fk\u0131n ve zengin hissettiren uzak an\u0131lara ta\u015f\u0131yan s\u0131cak ve farkl\u0131 bir kokudur.<\/p>\n","protected":false},"excerpt":{"rendered":"<p><strong>beyaz Amber Oda Spreyi <\/strong>&#8211; Atmosferi tazeler, temizlik ve tazelik hissi verir. &#8211; G\u00fcn boyunca ruh halinizi ve \u00fcretkenli\u011finizi art\u0131r\u0131r. &#8211; Ho\u015f olmayan ve istenmeyen kokular\u0131 ortadan kald\u0131r\u0131r. &#8211; \u00c7oklu kullan\u0131mlar (odalar, \u015filteler, araba). &#8211; \u00c7ocuklar\u0131n kurcalamas\u0131n\u0131 \u00f6nlemek i\u00e7in manuel kilitli, daha g\u00fcvenli bir p\u00fcsk\u00fcrt\u00fcc\u00fc. &#8211; G\u00fcn boyu s\u00fcren ho\u015f ve ho\u015f kokulu bir koku. &#8211; B\u00fcy\u00fck ve ekonomik boyutta olup 500 ml kapasitelidir. &#8211; Kuma\u015f ve mobilyalarda leke ve hasara neden olmaz.<strong> Nas\u0131l kullan\u0131l\u0131r: <\/strong>&#8211; Herhangi bir kullan\u0131mdan \u00f6nce kab\u0131 iyice \u00e7alkalay\u0131n, kab\u0131 dik konuma getirin ve alana her y\u00f6ne 2-4 sprey p\u00fcsk\u00fcrt\u00fcn. <strong>\u0130\u00e7indekiler:<\/strong> u\u00e7ucu ya\u011f &#8211; etil alkol &#8211; deiyonize su &#8211; renklendirici<\/p>\n<p><\/p>\n","protected":false},"featured_media":1403,"comment_status":"open","ping_status":"closed","template":"","meta":{"_gspb_post_css":""},"product_brand":[],"product_cat":[51],"product_tag":[],"class_list":{"0":"post-1409","1":"product","2":"type-product","3":"status-publish","4":"has-post-thumbnail","6":"product_cat-ev-spreyleri","8":"first","9":"outofstock","10":"shipping-taxable","11":"purchasable","12":"product-type-simple"},"ct_brands":[],"_links":{"self":[{"href":"https:\/\/sarabperfumes.com\/tr\/wp-json\/wp\/v2\/product\/1409","targetHints":{"allow":["GET"]}}],"collection":[{"href":"https:\/\/sarabperfumes.com\/tr\/wp-json\/wp\/v2\/product"}],"about":[{"href":"https:\/\/sarabperfumes.com\/tr\/wp-json\/wp\/v2\/types\/product"}],"replies":[{"embeddable":true,"href":"https:\/\/sarabperfumes.com\/tr\/wp-json\/wp\/v2\/comments?post=1409"}],"wp:featuredmedia":[{"embeddable":true,"href":"https:\/\/sarabperfumes.com\/tr\/wp-json\/wp\/v2\/media\/1403"}],"wp:attachment":[{"href":"https:\/\/sarabperfumes.com\/tr\/wp-json\/wp\/v2\/media?parent=1409"}],"wp:term":[{"taxonomy":"product_brand","embeddable":true,"href":"https:\/\/sarabperfumes.com\/tr\/wp-json\/wp\/v2\/product_brand?post=1409"},{"taxonomy":"product_cat","embeddable":true,"href":"https:\/\/sarabperfumes.com\/tr\/wp-json\/wp\/v2\/product_cat?post=1409"},{"taxonomy":"product_tag","embeddable":true,"href":"https:\/\/sarabperfumes.com\/tr\/wp-json\/wp\/v2\/product_tag?post=1409"}],"curies":[{"name":"wp","href":"https:\/\/api.w.org\/{rel}","templated":true}]}}