{"id":1300,"date":"2024-02-08T21:40:45","date_gmt":"2024-02-08T18:40:45","guid":{"rendered":"https:\/\/sarabperfumes.com\/product\/eros-versace-55ml\/"},"modified":"2025-12-28T17:02:03","modified_gmt":"2025-12-28T14:02:03","slug":"eros-versace-55ml","status":"publish","type":"product","link":"https:\/\/sarabperfumes.com\/tr\/urun\/eros-versace-55ml\/","title":{"rendered":"Eros Versace (55ml)"},"content":{"rendered":"","protected":false},"excerpt":{"rendered":"<ul>\n<li><strong>Eros Versace<\/strong><\/li>\n<li><strong>Uzun \u00d6m\u00fcr: \u0130yi 6 ila 8 saat<\/strong><\/li>\n<li> <strong> <\/strong>Orijinale benzerlik y\u00fczdesi: %80<\/li>\n<li> <strong> <\/strong>Koku serisi: Aromatik Fougere<\/li>\n<li><strong>Parf\u00fcm i\u00e7erikleri: \u00dcst notalar: nane, ye\u015fil elma ve limon; Kalp: tonka fasulyesi, ambroksan ve sardunya; Baz: Madagaskar vanilyas\u0131, Virginia sedir a\u011fac\u0131, Atlantik sedir a\u011fac\u0131, g\u00fcve otu ve me\u015fe yosunu.<\/strong><\/li>\n<li><strong>Kullan\u0131m s\u00fcresi: Her zaman<\/strong><\/li>\n<li><strong>B\u00f6l\u00fcm: T\u00fcm b\u00f6l\u00fcmler<\/strong><\/li>\n<li> <strong> <\/strong>Yay\u0131nlanma y\u0131l\u0131: 2012<\/li>\n<\/ul>\n","protected":false},"featured_media":1588,"comment_status":"open","ping_status":"closed","template":"","meta":{"_gspb_post_css":""},"product_brand":[],"product_cat":[52],"product_tag":[55,109],"class_list":{"0":"post-1300","1":"product","2":"type-product","3":"status-publish","4":"has-post-thumbnail","6":"product_cat-acik-parfumler","7":"product_tag-erkek-parfumleri","8":"product_tag-tum-sezonlara-parfumler","10":"first","11":"instock","12":"shipping-taxable","13":"purchasable","14":"product-type-variable","15":"has-default-attributes"},"ct_brands":[],"_links":{"self":[{"href":"https:\/\/sarabperfumes.com\/tr\/wp-json\/wp\/v2\/product\/1300","targetHints":{"allow":["GET"]}}],"collection":[{"href":"https:\/\/sarabperfumes.com\/tr\/wp-json\/wp\/v2\/product"}],"about":[{"href":"https:\/\/sarabperfumes.com\/tr\/wp-json\/wp\/v2\/types\/product"}],"replies":[{"embeddable":true,"href":"https:\/\/sarabperfumes.com\/tr\/wp-json\/wp\/v2\/comments?post=1300"}],"wp:featuredmedia":[{"embeddable":true,"href":"https:\/\/sarabperfumes.com\/tr\/wp-json\/wp\/v2\/media\/1588"}],"wp:attachment":[{"href":"https:\/\/sarabperfumes.com\/tr\/wp-json\/wp\/v2\/media?parent=1300"}],"wp:term":[{"taxonomy":"product_brand","embeddable":true,"href":"https:\/\/sarabperfumes.com\/tr\/wp-json\/wp\/v2\/product_brand?post=1300"},{"taxonomy":"product_cat","embeddable":true,"href":"https:\/\/sarabperfumes.com\/tr\/wp-json\/wp\/v2\/product_cat?post=1300"},{"taxonomy":"product_tag","embeddable":true,"href":"https:\/\/sarabperfumes.com\/tr\/wp-json\/wp\/v2\/product_tag?post=1300"}],"curies":[{"name":"wp","href":"https:\/\/api.w.org\/{rel}","templated":true}]}}