{"id":1297,"date":"2024-02-08T21:52:09","date_gmt":"2024-02-08T18:52:09","guid":{"rendered":"https:\/\/sarabperfumes.com\/product\/fucking-fabulous-tom-ford-55ml\/"},"modified":"2024-02-13T13:23:48","modified_gmt":"2024-02-13T10:23:48","slug":"fucking-fabulous-tom-ford-55ml","status":"publish","type":"product","link":"https:\/\/sarabperfumes.com\/tr\/urun\/fucking-fabulous-tom-ford-55ml\/","title":{"rendered":"Fucking Fabulous Tom Ford (55ml)"},"content":{"rendered":"","protected":false},"excerpt":{"rendered":"<ul>\n<li><strong>Fucking Fabulous Tom Ford<\/strong><\/li>\n<li><strong>Uzun \u00d6m\u00fcr: \u0130yi 6 ila 8 saat<\/strong><\/li>\n<li> <strong> <\/strong>Orijinale benzerlik y\u00fczdesi: %80<\/li>\n<li> <strong> <\/strong>Aromatik \u00e7izgi: deri<\/li>\n<li><strong>Parf\u00fcm i\u00e7erikleri: \u00dcst notalar: lavanta ve ada\u00e7ay\u0131; Kalp: deri, ac\u0131 badem, vanilya ve iris; Taban: deri, tonka fasulyesi, ka\u015fmir a\u011fac\u0131, beyaz ah\u015fap ve amber.<\/strong><\/li>\n<li><strong>Kullan\u0131m s\u00fcresi: Her zaman<\/strong><\/li>\n<li><strong>Sezon: k\u0131\u015f ilkbahar sonbahar<\/strong><\/li>\n<li><strong>Yay\u0131nlanma y\u0131l\u0131: 2017<\/strong><\/li>\n<\/ul>\n","protected":false},"featured_media":1247,"comment_status":"open","ping_status":"closed","template":"","meta":{"_gspb_post_css":""},"product_brand":[],"product_cat":[52],"product_tag":[171,106,104,56],"class_list":{"0":"post-1297","1":"product","2":"type-product","3":"status-publish","4":"has-post-thumbnail","6":"product_cat-acik-parfumler","7":"product_tag-benzersiz-parfumler","8":"product_tag-sonbahar-kis-kokulari","9":"product_tag-tom-ford","10":"product_tag-uniseks-parfumler","12":"first","13":"instock","14":"shipping-taxable","15":"purchasable","16":"product-type-variable","17":"has-default-attributes"},"ct_brands":[],"_links":{"self":[{"href":"https:\/\/sarabperfumes.com\/tr\/wp-json\/wp\/v2\/product\/1297","targetHints":{"allow":["GET"]}}],"collection":[{"href":"https:\/\/sarabperfumes.com\/tr\/wp-json\/wp\/v2\/product"}],"about":[{"href":"https:\/\/sarabperfumes.com\/tr\/wp-json\/wp\/v2\/types\/product"}],"replies":[{"embeddable":true,"href":"https:\/\/sarabperfumes.com\/tr\/wp-json\/wp\/v2\/comments?post=1297"}],"wp:featuredmedia":[{"embeddable":true,"href":"https:\/\/sarabperfumes.com\/tr\/wp-json\/wp\/v2\/media\/1247"}],"wp:attachment":[{"href":"https:\/\/sarabperfumes.com\/tr\/wp-json\/wp\/v2\/media?parent=1297"}],"wp:term":[{"taxonomy":"product_brand","embeddable":true,"href":"https:\/\/sarabperfumes.com\/tr\/wp-json\/wp\/v2\/product_brand?post=1297"},{"taxonomy":"product_cat","embeddable":true,"href":"https:\/\/sarabperfumes.com\/tr\/wp-json\/wp\/v2\/product_cat?post=1297"},{"taxonomy":"product_tag","embeddable":true,"href":"https:\/\/sarabperfumes.com\/tr\/wp-json\/wp\/v2\/product_tag?post=1297"}],"curies":[{"name":"wp","href":"https:\/\/api.w.org\/{rel}","templated":true}]}}