{"id":11370,"date":"2026-04-07T19:19:34","date_gmt":"2026-04-07T16:19:34","guid":{"rendered":"https:\/\/sarabperfumes.com\/?post_type=product&#038;p=11370"},"modified":"2026-04-07T19:23:57","modified_gmt":"2026-04-07T16:23:57","slug":"cartier-pasha-335-erkekler-icin-%d9%86%d8%b3%d8%ae%d8%a9","status":"publish","type":"product","link":"https:\/\/sarabperfumes.com\/tr\/urun\/cartier-pasha-335-erkekler-icin-%d9%86%d8%b3%d8%ae%d8%a9\/","title":{"rendered":"Cartier Pasha 335 erkekler i\u00e7in (\u0646\u0633\u062e\u0629)"},"content":{"rendered":"","protected":false},"excerpt":{"rendered":"<ul>\n<li><strong>Pasha Cartier Cartier<\/strong><\/li>\n<li><strong>kal\u0131c\u0131l\u0131k<\/strong>: \u0130yi 6 ila 8 saat<\/li>\n<li> Orijinale benzerlik :90%<\/li>\n<li>Koku Ailesi: odunsu aromatik<\/li>\n<li><strong>Parf\u00fcm notalar\u0131<\/strong>: \u00dcst notalarda lavanta, nane, ki\u015fni\u015f tohumu, anason ve mandalina; kalp notalar\u0131nda ki\u015fni\u015f ve Brezilya g\u00fcl a\u011fac\u0131; baz notalar\u0131nda ise me\u015fe yosunu, sandal a\u011fac\u0131, pa\u00e7uli ve labdanum bulunur.<\/li>\n<li> Kullan\u0131m zaman\u0131: Her zaman<\/li>\n<li><strong>Sezon: <\/strong>k\u0131\u015f ilkbahar sonbahar<\/li>\n<li>\u00e7\u0131k\u0131\u015f y\u0131l\u0131: 2004<\/li>\n<\/ul>\n","protected":false},"featured_media":11384,"comment_status":"open","ping_status":"closed","template":"","meta":{"_gspb_post_css":""},"product_brand":[],"product_cat":[52],"product_tag":[55,176,109],"class_list":{"0":"post-11370","1":"product","2":"type-product","3":"status-publish","4":"has-post-thumbnail","6":"product_cat-acik-parfumler","7":"product_tag-erkek-parfumleri","8":"product_tag-her-zaman-icin-erkek-parfumleri","9":"product_tag-tum-sezonlara-parfumler","11":"first","12":"instock","13":"shipping-taxable","14":"purchasable","15":"product-type-variable","16":"has-default-attributes"},"ct_brands":[],"_links":{"self":[{"href":"https:\/\/sarabperfumes.com\/tr\/wp-json\/wp\/v2\/product\/11370","targetHints":{"allow":["GET"]}}],"collection":[{"href":"https:\/\/sarabperfumes.com\/tr\/wp-json\/wp\/v2\/product"}],"about":[{"href":"https:\/\/sarabperfumes.com\/tr\/wp-json\/wp\/v2\/types\/product"}],"replies":[{"embeddable":true,"href":"https:\/\/sarabperfumes.com\/tr\/wp-json\/wp\/v2\/comments?post=11370"}],"wp:featuredmedia":[{"embeddable":true,"href":"https:\/\/sarabperfumes.com\/tr\/wp-json\/wp\/v2\/media\/11384"}],"wp:attachment":[{"href":"https:\/\/sarabperfumes.com\/tr\/wp-json\/wp\/v2\/media?parent=11370"}],"wp:term":[{"taxonomy":"product_brand","embeddable":true,"href":"https:\/\/sarabperfumes.com\/tr\/wp-json\/wp\/v2\/product_brand?post=11370"},{"taxonomy":"product_cat","embeddable":true,"href":"https:\/\/sarabperfumes.com\/tr\/wp-json\/wp\/v2\/product_cat?post=11370"},{"taxonomy":"product_tag","embeddable":true,"href":"https:\/\/sarabperfumes.com\/tr\/wp-json\/wp\/v2\/product_tag?post=11370"}],"curies":[{"name":"wp","href":"https:\/\/api.w.org\/{rel}","templated":true}]}}