{"id":11087,"date":"2026-02-23T20:27:32","date_gmt":"2026-02-23T17:27:32","guid":{"rendered":"https:\/\/sarabperfumes.com\/?post_type=product&#038;p=11087"},"modified":"2026-02-23T20:34:54","modified_gmt":"2026-02-23T17:34:54","slug":"pisa-uniseks-parfum-100-ml-%d9%86%d8%b3%d8%ae%d8%a9","status":"publish","type":"product","link":"https:\/\/sarabperfumes.com\/tr\/urun\/pisa-uniseks-parfum-100-ml-%d9%86%d8%b3%d8%ae%d8%a9\/","title":{"rendered":"Pisa \u00dcniseks parf\u00fcm (100 ml) (\u0646\u0633\u062e\u0629)"},"content":{"rendered":"<p><span style=\"font-weight: 400;\">Her iki cinsiyet i\u00e7in de uygun olan bu koku, su yasemini ve bergamotun cesur a\u00e7\u0131l\u0131\u015f\u0131 ve \u015feftali, armut \u00e7i\u00e7e\u011fi ve \u015eam g\u00fcl\u00fc kalbi ile serpi\u015ftirilmi\u015f ka\u015fmir a\u011fac\u0131 ve amberden olu\u015fan sofistike bir temel ile b\u00fcy\u00fcleyici bir kompozisyon sunuyor.   <\/span>  .<br \/>\n\u0639\u0637\u0631 \u063a\u0646\u064a \u0648\u0645\u0639\u0642\u062f \u064a\u0639\u0628\u0631 \u0639\u0646 \u0627\u0644\u0623\u0646\u0627\u0642\u0629 \u0648\u0627\u0644\u0631\u0642\u064a\u060c<br \/>\n\u0645\u062b\u0627\u0644\u064a \u0644\u0644\u0630\u064a\u0646 \u064a\u0628\u062d\u062b\u0648\u0646 \u0639\u0646 \u062a\u0645\u064a\u0632 \u0644\u0627 \u064a\u064f\u0646\u0633\u0649 \u0641\u064a \u0643\u0644 \u0645\u0646\u0627\u0633\u0628\u0629.  <\/p>\n","protected":false},"excerpt":{"rendered":"<ul>\n<li><strong>Pisa By Sarab Perfumes Eau De Parfum<\/strong><\/li>\n<li><strong>Koku Ailesi:<\/strong>Oryantal \u00e7i\u00e7ek<\/li>\n<li> <strong>Parf\u00fcm i\u00e7erikleri :<\/strong> \u00dcst notalar: Ylang-ylang, su yasemini ve bergamot; Kalp: \u015feftali, armut \u00e7i\u00e7e\u011fi ve \u015eam g\u00fcl\u00fc; Alt notalar : ka\u015fmir a\u011fac\u0131, amber, tonka fasulyesi ve vanilya.<\/li>\n<li><strong>Kullan\u0131m zaman\u0131:<\/strong> Her zaman<\/li>\n<li><strong>sezon: <\/strong>T\u00fcm sezonlar<\/li>\n<li> <strong>\u00e7\u0131k\u0131\u015f y\u0131l\u0131: <\/strong>2022<\/li>\n<\/ul>\n","protected":false},"featured_media":11089,"comment_status":"open","ping_status":"closed","template":"","meta":{"_gspb_post_css":""},"product_brand":[],"product_cat":[49],"product_tag":[171,55,140],"class_list":{"0":"post-11087","1":"product","2":"type-product","3":"status-publish","4":"has-post-thumbnail","6":"product_cat-hazir-parfumler","7":"product_tag-benzersiz-parfumler","8":"product_tag-erkek-parfumleri","9":"product_tag-sarab-ozel-parfumler","11":"first","12":"instock","13":"shipping-taxable","14":"purchasable","15":"product-type-simple"},"ct_brands":[],"_links":{"self":[{"href":"https:\/\/sarabperfumes.com\/tr\/wp-json\/wp\/v2\/product\/11087","targetHints":{"allow":["GET"]}}],"collection":[{"href":"https:\/\/sarabperfumes.com\/tr\/wp-json\/wp\/v2\/product"}],"about":[{"href":"https:\/\/sarabperfumes.com\/tr\/wp-json\/wp\/v2\/types\/product"}],"replies":[{"embeddable":true,"href":"https:\/\/sarabperfumes.com\/tr\/wp-json\/wp\/v2\/comments?post=11087"}],"wp:featuredmedia":[{"embeddable":true,"href":"https:\/\/sarabperfumes.com\/tr\/wp-json\/wp\/v2\/media\/11089"}],"wp:attachment":[{"href":"https:\/\/sarabperfumes.com\/tr\/wp-json\/wp\/v2\/media?parent=11087"}],"wp:term":[{"taxonomy":"product_brand","embeddable":true,"href":"https:\/\/sarabperfumes.com\/tr\/wp-json\/wp\/v2\/product_brand?post=11087"},{"taxonomy":"product_cat","embeddable":true,"href":"https:\/\/sarabperfumes.com\/tr\/wp-json\/wp\/v2\/product_cat?post=11087"},{"taxonomy":"product_tag","embeddable":true,"href":"https:\/\/sarabperfumes.com\/tr\/wp-json\/wp\/v2\/product_tag?post=11087"}],"curies":[{"name":"wp","href":"https:\/\/api.w.org\/{rel}","templated":true}]}}