{"id":1271,"date":"2023-11-16T15:07:16","date_gmt":"2023-11-16T12:07:16","guid":{"rendered":"https:\/\/sarabperfumes.com\/?page_id=1271"},"modified":"2024-02-11T12:26:57","modified_gmt":"2024-02-11T09:26:57","slug":"cerez-politikasi","status":"publish","type":"page","link":"https:\/\/sarabperfumes.com\/tr\/cerez-politikasi\/","title":{"rendered":"\u00c7erez Politikas\u0131"},"content":{"rendered":"\n<h3 class=\"wp-block-heading\" id=\"cerez-nedir\">\u00c7erez Nedir?<\/h3>\n\n\n\n<p dir=\"ltr\">Ziyaret etti\u011finiz web siteleri, bilgisayar\u0131n\u0131za veya telefonunuza k\u00fc\u00e7\u00fck bilgiler kaydedip, daha sonra ayn\u0131 siteyi ziyaret etti\u011finizde bu bilgileri okuyabilirler. Bu k\u00fc\u00e7\u00fck bilgilerin kaydedildi\u011fi dosyalara \u00e7erez veya tan\u0131mlama bilgisi (\u0130ngilizcesi: cookie) denir. \u00c7erezler genellikle internette gezinti deneyiminizi iyile\u015ftirmeye ve siteleri ki\u015fiselle\u015ftirmeye yarar. \u00d6rne\u011fin bir siteye giri\u015f yaparken \u201cbeni hat\u0131rla\u201d se\u00e7ene\u011fini i\u015faretlerseniz o site, kullan\u0131c\u0131 ad\u0131n\u0131z\u0131 (veya \u00f6zel bir kimlik numaras\u0131n\u0131) i\u00e7eren bir \u00e7erezi taray\u0131c\u0131n\u0131za kaydeder. \u00c7erezleri yaln\u0131zca onlar\u0131 olu\u015fturan site okuyabilir. \u00c7erezin ne kadar s\u00fcreyle saklanaca\u011f\u0131n\u0131 da site belirler.<\/p>\n\n\n\n<h3 class=\"wp-block-heading\" id=\"cerez-kullanimi\">\u00c7erez Kullan\u0131m\u0131<\/h3>\n\n\n\n<p dir=\"ltr\"><strong>\u00c7EREZ (\u201cCOOKIE\u201d)<\/strong><\/p>\n\n\n\n<p dir=\"ltr\">\u0130nternet sitemizden (www.sarabperfumes.com) en verimli \u015fekilde faydalanabilmeniz ve kullan\u0131c\u0131 deneyiminizi geli\u015ftirebilmek i\u00e7in Cookie kullan\u0131yoruz. Web sitemize giri\u015f yapt\u0131\u011f\u0131n\u0131z zaman, sizlere, Cookie kullan\u0131m\u0131 kabul edip etmedi\u011finize dair bir soru sorulmaktad\u0131r. &#8216;Kabul Et&#8217; se\u00e7ene\u011fini se\u00e7tikten sonra Cookie&#8217;ler aktif olacakt\u0131r. Sonradan fikrinizi de\u011fi\u015ftirirseniz ve Cookie kullan\u0131lmas\u0131n\u0131 tercih etmezseniz taray\u0131c\u0131n\u0131z\u0131n ayarlar\u0131ndan Cookie\u2019leri her zaman silebilir ya da engelleyebilirsiniz. Ancak bunun internet sitemizi kullan\u0131m\u0131n\u0131z\u0131 etkileyebilece\u011fini hat\u0131rlatmak isteriz. Taray\u0131c\u0131n\u0131zdan Cookie ayarlar\u0131n\u0131z\u0131 de\u011fi\u015ftirmedi\u011finiz s\u00fcrece bu sitede Cookie&#8217;ler kullan\u0131lmaya devam edecektir. Cookie&#8217;lerin hangi ama\u00e7la kullan\u0131ld\u0131\u011f\u0131 ve ne kadar s\u00fcre depoland\u0131\u011f\u0131 a\u015fa\u011f\u0131da belirtilmektedir. Sitemizde yer alan servislerin kullan\u0131m\u0131 i\u00e7in bizimle do\u011frudan veya dolayl\u0131 olarak baz\u0131 bilgi ve veriler payla\u015fmaktas\u0131n\u0131z. Bu bilgiler siteye kay\u0131t olurken verdi\u011finiz ki\u015fisel bilgiler (isim, e-posta adresi, telefon gibi) veya siteyi kullan\u0131m\u0131n\u0131z (ileti\u015fim formunu kullan\u0131rken, yorum yaparken vb.) esnas\u0131nda toplad\u0131\u011f\u0131m\u0131z bilgilerdir (IP, cihaz, konum ve taray\u0131c\u0131 bilgileri, gezinti ve etkile\u015fim i\u00e7eri\u011fi, tarih ve ba\u011flant\u0131 s\u00fcresi gibi veriler). Bilgi ve verilerinizi saklama konusunda azami \u00f6zeni g\u00f6stermekteyiz. Web sitemiz, sunucumuzda depolanan Cookie verilerinizi 3. parti ki\u015filer ile payla\u015f\u0131lmamaktad\u0131r. Sitede bulunan harici hizmetler (Canl\u0131 Destek eklentisi, Facebook eklentisi, YouTube videosu, Twitter i\u00e7eri\u011fi vb.) taraf\u0131ndan depolanan Cookie verileriniz ise harici hizmetlerin sorumlulu\u011fundad\u0131r. Bunun i\u00e7in; &#8216;<a href=\"https:\/\/nesrinozkaya.com\/cerez-politikasi-ornegi.html#\" rel=\"nofollow noopener\" target=\"_blank\">Ayd\u0131nlatma Metni<\/a>&#8216;, &#8216;<a href=\"https:\/\/nesrinozkaya.com\/cerez-politikasi-ornegi.html#\" rel=\"nofollow noopener\" target=\"_blank\">KVKK<\/a>&#8216; ve &#8216;<a href=\"https:\/\/nesrinozkaya.com\/cerez-politikasi-ornegi.html#\" rel=\"nofollow noopener\" target=\"_blank\">Gizlilik Politikas\u0131<\/a>&#8216; sayfalar\u0131m\u0131za g\u00f6z at\u0131n\u0131z.<\/p>\n\n\n\n<h4 class=\"wp-block-heading\" id=\"cerez-nedir-ve-neden-kullanilmaktadir\">\u00c7erez Nedir ve Neden Kullan\u0131lmaktad\u0131r?<\/h4>\n\n\n\n<p dir=\"ltr\">\u00c7erezler, ziyaret etti\u011finiz internet siteleri taraf\u0131ndan taray\u0131c\u0131lar arac\u0131l\u0131\u011f\u0131yla cihaz\u0131n\u0131za veya a\u011f sunucusuna depolanan k\u00fc\u00e7\u00fck metin (veri) dosyalar\u0131d\u0131r.<\/p>\n\n\n\n<ul class=\"wp-block-list\">\n<li>\u0130nternet Sitesinin i\u015flevselli\u011fini ve performans\u0131n\u0131 artt\u0131rmak yoluyla sizlere sunulan hizmetleri geli\u015ftirmek,<\/li>\n\n\n\n<li>\u0130nternet Sitesini iyile\u015ftirmek, \u0130nternet Sitesi \u00fczerinden yeni \u00f6zellikler sunmak ve sunulan \u00f6zellikleri sizlerin tercihlerine g\u00f6re ki\u015fiselle\u015ftirmek,<\/li>\n\n\n\n<li>\u0130nternet Sitesinin, sizin ve \u015firketimizin hukuki ve ticari g\u00fcvenli\u011finin teminini sa\u011flamak.<\/li>\n<\/ul>\n\n\n\n<h4 class=\"wp-block-heading\" id=\"cerez-turleri\">\u00c7erez T\u00fcrleri<\/h4>\n\n\n\n<p dir=\"ltr\">Ana kullan\u0131m amac\u0131 kullan\u0131c\u0131lara kolayl\u0131k sa\u011flamak olan \u00e7erezler, temel olarak d\u00f6rt ana grupta toplanmaktad\u0131r:<\/p>\n\n\n\n<ul class=\"wp-block-list\">\n<li><strong>Oturum \u00c7erezleri:<\/strong>&nbsp;\u0130nternet sayfalar\u0131 aras\u0131nda bilgi ta\u015f\u0131nmas\u0131 ve kullan\u0131c\u0131 taraf\u0131ndan girilen bilgilerin sistemsel olarak hat\u0131rlanmas\u0131 gibi \u00e7e\u015fitli \u00f6zelliklerden faydalanmaya olanak sa\u011flayan \u00e7erezlerdir ve internet sitesine ait fonksiyonlar\u0131n d\u00fczg\u00fcn bir \u015fekilde i\u015fleyebilmesi i\u00e7in gereklidir.<\/li>\n\n\n\n<li><strong>Performans \u00c7erezleri:<\/strong>&nbsp;Sayfalar\u0131n ziyaret edilme frekans\u0131, olas\u0131 hata iletileri, kullan\u0131c\u0131lar\u0131n ilgili sayfada harcad\u0131klar\u0131 toplam zaman ile birlikte siteyi kullan\u0131m \u015fekilleri konular\u0131nda bilgi toplayan \u00e7erezlerdir ve internet sitesinin performans\u0131n\u0131 artt\u0131rma amac\u0131yla kullan\u0131lmaktad\u0131r.<\/li>\n\n\n\n<li><strong>Fonksiyonel \u00c7erezler:<\/strong>&nbsp;Kullan\u0131c\u0131ya kolayl\u0131k sa\u011flanmas\u0131 amac\u0131yla \u00f6nceden se\u00e7ili olan se\u00e7eneklerin hat\u0131rlat\u0131lmas\u0131n\u0131 sa\u011flayan \u00e7erezlerdir ve internet sitesi kapsam\u0131nda kullan\u0131c\u0131lara geli\u015fmi\u015f internet \u00f6zellikleri sa\u011flanmas\u0131n\u0131 hedeflemektedir.<\/li>\n<\/ul>\n\n\n\n<h4 class=\"wp-block-heading\" id=\"cerezlerin-kullanim-amaclari\">\u00c7erezlerin Kullan\u0131m Ama\u00e7lar\u0131<\/h4>\n\n\n\n<p>www.sarabperfumes.com&nbsp;taraf\u0131ndan kullan\u0131lmakta olan \u00e7erezlere ait kullan\u0131m ama\u00e7lar\u0131 a\u015fa\u011f\u0131daki gibidir:<\/p>\n\n\n\n<ul class=\"wp-block-list\">\n<li><strong>G\u00fcvenlik ama\u00e7l\u0131 kullan\u0131mlar:<\/strong>&nbsp; ornekalanadi.com, sistemlerinin idaresi ve g\u00fcvenli\u011finin sa\u011flanmas\u0131 amac\u0131yla, bu sitedeki fonksiyonlardan yararlanmay\u0131 sa\u011flayan veyahut d\u00fczensiz davran\u0131\u015flar\u0131 tespit eden \u00e7erezler kullanabilmektedir.<\/li>\n\n\n\n<li><strong>\u0130\u015flevselli\u011fe y\u00f6nelik kullan\u0131mlar:<\/strong>&nbsp; ornekalanadi.com, sistemlerinin kullan\u0131m\u0131n\u0131 kolayla\u015ft\u0131rmak ve kullan\u0131c\u0131 \u00f6zelinde kullan\u0131m \u00f6zellikleri sa\u011flamak amac\u0131yla, kullan\u0131c\u0131lar\u0131n bilgilerini ve ge\u00e7mi\u015f se\u00e7imlerini hat\u0131rlatan \u00e7erezler kullanabilmektedir.<\/li>\n\n\n\n<li><strong>Performansa y\u00f6nelik kullan\u0131mlar:<\/strong>&nbsp; ornekalanadi.com, sistemlerinin performans\u0131n\u0131n art\u0131r\u0131lmas\u0131 ve \u00f6l\u00e7\u00fclmesi amac\u0131yla, g\u00f6nderilen iletilerle olan etkile\u015fimi ve kullan\u0131c\u0131 davran\u0131\u015flar\u0131n\u0131 de\u011ferlendiren ve analiz eden \u00e7erezler kullanabilmektedir.<\/li>\n<\/ul>\n\n\n\n<p>Web sitesine y\u00f6nelik \u015f\u00fcpheli eylemlerin tespiti ve gerekli g\u00fcvenli\u011fin sa\u011flanmas\u0131, ziyaret\u00e7ilerin tercihleri do\u011frultusunda web sitesinin i\u015flevsellik ve performans\u0131n art\u0131r\u0131lmas\u0131, web sitesinde sunulan hizmetlerin ve \u00fcr\u00fcnlerin geli\u015ftirilmesi ve ki\u015fiselle\u015ftirilmesiyle, bu hizmetlere ve \u00fcr\u00fcnlere ula\u015f\u0131m\u0131n kolayla\u015ft\u0131r\u0131lmas\u0131, web sitesinin hukuki sorumluluklar\u0131n\u0131n yerine getirilmesi ama\u00e7l\u0131 \u00e7erezler kullanmaktad\u0131r. Ayr\u0131ca, web sitesi ziyaret\u00e7ilerini daha geni\u015f kapsaml\u0131 hizmet sa\u011flay\u0131c\u0131lar ile bulu\u015fturulabilmesi amac\u0131yla reklam \u00e7erezleri ve \u00fc\u00e7\u00fcnc\u00fc taraflarla bilgi payla\u015f\u0131m\u0131 da s\u00f6z konusudur.<\/p>\n\n\n\n<h4 class=\"wp-block-heading\" id=\"cerezler-yoluyla-islenen-kisisel-veriler-nelerdir\">\u00c7erezler Yoluyla \u0130\u015flenen Ki\u015fisel Veriler Nelerdir?<\/h4>\n\n\n\n<p>Ki\u015finin kimli\u011fi (isim, soy isim, lakap, do\u011fum tarihi vb.) ve ileti\u015fim (ikamet adresi, e-posta adresi, telefon numaras\u0131, IP adresi, taray\u0131c\u0131 bilgisi, bilgisayar bilgisi, konum bilgisi vb.) bilgileri taraf\u0131m\u0131zca, web sitesinde mevcut \u00e7erezler vas\u0131tas\u0131yla, otomatik veya otomatik olmayan y\u00f6ntemler veya yaz\u0131l\u0131mlarla ve bazen de; reklam a\u011flar\u0131, analitik yaz\u0131l\u0131mlar, aranma ve hacim bilgisi sa\u011flay\u0131c\u0131lar\u0131, ilgili yaz\u0131l\u0131mlar veya teknolojiler gibi \u00fc\u00e7\u00fcnc\u00fc taraflar taraf\u0131ndan elde edilerek, kaydedilerek, depolanarak ve g\u00fcncellenerek, aram\u0131zdaki \u015fartlar ve hizmetler s\u00f6zle\u015fmesi \u00e7er\u00e7evesinde ve s\u00fcresince, ki\u015fisel veri i\u015fleme \u015fartlar\u0131na ba\u011fl\u0131 olarak hukuka uygun \u015fekilde i\u015flenecektir.<\/p>\n","protected":false},"excerpt":{"rendered":"<p>\u00c7erez Nedir? Ziyaret etti\u011finiz web siteleri, bilgisayar\u0131n\u0131za veya telefonunuza k\u00fc\u00e7\u00fck bilgiler kaydedip, daha sonra ayn\u0131 siteyi ziyaret etti\u011finizde bu bilgileri okuyabilirler. Bu k\u00fc\u00e7\u00fck bilgilerin kaydedildi\u011fi dosyalara \u00e7erez veya tan\u0131mlama bilgisi (\u0130ngilizcesi: cookie) denir. \u00c7erezler genellikle internette gezinti deneyiminizi iyile\u015ftirmeye ve siteleri ki\u015fiselle\u015ftirmeye yarar. \u00d6rne\u011fin bir siteye giri\u015f yaparken \u201cbeni hat\u0131rla\u201d se\u00e7ene\u011fini i\u015faretlerseniz o site, kullan\u0131c\u0131 [&hellip;]<\/p>\n","protected":false},"author":2,"featured_media":0,"parent":0,"menu_order":0,"comment_status":"closed","ping_status":"closed","template":"","meta":{"_gspb_post_css":"","footnotes":""},"class_list":["post-1271","page","type-page","status-publish","hentry"],"blocksy_meta":[],"_links":{"self":[{"href":"https:\/\/sarabperfumes.com\/tr\/wp-json\/wp\/v2\/pages\/1271","targetHints":{"allow":["GET"]}}],"collection":[{"href":"https:\/\/sarabperfumes.com\/tr\/wp-json\/wp\/v2\/pages"}],"about":[{"href":"https:\/\/sarabperfumes.com\/tr\/wp-json\/wp\/v2\/types\/page"}],"author":[{"embeddable":true,"href":"https:\/\/sarabperfumes.com\/tr\/wp-json\/wp\/v2\/users\/2"}],"replies":[{"embeddable":true,"href":"https:\/\/sarabperfumes.com\/tr\/wp-json\/wp\/v2\/comments?post=1271"}],"version-history":[{"count":1,"href":"https:\/\/sarabperfumes.com\/tr\/wp-json\/wp\/v2\/pages\/1271\/revisions"}],"predecessor-version":[{"id":1274,"href":"https:\/\/sarabperfumes.com\/tr\/wp-json\/wp\/v2\/pages\/1271\/revisions\/1274"}],"wp:attachment":[{"href":"https:\/\/sarabperfumes.com\/tr\/wp-json\/wp\/v2\/media?parent=1271"}],"curies":[{"name":"wp","href":"https:\/\/api.w.org\/{rel}","templated":true}]}}